{"id":7670,"date":"2018-11-16T16:35:28","date_gmt":"2018-11-16T16:35:28","guid":{"rendered":"http:\/\/ar-entertainment.net\/wp\/?post_type=product&#038;p=7670"},"modified":"2018-12-10T15:02:09","modified_gmt":"2018-12-10T15:02:09","slug":"exercices-de-symetrie","status":"publish","type":"product","link":"https:\/\/ar-entertainment.net\/wp\/app\/exercices-de-symetrie\/","title":{"rendered":"Exercices de Sym\u00e9trie"},"content":{"rendered":"\t\t<div data-elementor-type=\"wp-post\" data-elementor-id=\"7670\" class=\"elementor elementor-7670 elementor-bc-flex-widget\">\n\t\t\t\t\t\t\t\t\t<section class=\"elementor-section elementor-top-section elementor-element elementor-element-783c77c elementor-section-boxed elementor-section-height-default elementor-section-height-default\" data-id=\"783c77c\" data-element_type=\"section\">\n\t\t\t\t\t\t<div class=\"elementor-container elementor-column-gap-default\">\n\t\t\t\t\t<div class=\"elementor-column elementor-col-100 elementor-top-column elementor-element elementor-element-e4e9e78\" data-id=\"e4e9e78\" data-element_type=\"column\">\n\t\t\t<div class=\"elementor-widget-wrap elementor-element-populated\">\n\t\t\t\t\t\t\t\t<div class=\"elementor-element elementor-element-2ef9cb1 elementor-widget elementor-widget-image\" data-id=\"2ef9cb1\" data-element_type=\"widget\" data-widget_type=\"image.default\">\n\t\t\t\t<div class=\"elementor-widget-container\">\n\t\t\t\t\t\t\t\t\t\t\t\t\t\t\t<img fetchpriority=\"high\" decoding=\"async\" width=\"300\" height=\"300\" src=\"https:\/\/ar-entertainment.net\/wp\/wp-content\/uploads\/2018\/11\/SymmetryExercices-RoundedIcon-300x300.png\" class=\"attachment-medium size-medium wp-image-7658\" alt=\"\" srcset=\"https:\/\/ar-entertainment.net\/wp\/wp-content\/uploads\/2018\/11\/SymmetryExercices-RoundedIcon-300x300.png 300w, https:\/\/ar-entertainment.net\/wp\/wp-content\/uploads\/2018\/11\/SymmetryExercices-RoundedIcon-150x150.png 150w, https:\/\/ar-entertainment.net\/wp\/wp-content\/uploads\/2018\/11\/SymmetryExercices-RoundedIcon-768x768.png 768w, https:\/\/ar-entertainment.net\/wp\/wp-content\/uploads\/2018\/11\/SymmetryExercices-RoundedIcon-512x512.png 512w, https:\/\/ar-entertainment.net\/wp\/wp-content\/uploads\/2018\/11\/SymmetryExercices-RoundedIcon-915x915.png 915w, https:\/\/ar-entertainment.net\/wp\/wp-content\/uploads\/2018\/11\/SymmetryExercices-RoundedIcon-600x600.png 600w, https:\/\/ar-entertainment.net\/wp\/wp-content\/uploads\/2018\/11\/SymmetryExercices-RoundedIcon-393x393.png 393w, https:\/\/ar-entertainment.net\/wp\/wp-content\/uploads\/2018\/11\/SymmetryExercices-RoundedIcon-290x290.png 290w, https:\/\/ar-entertainment.net\/wp\/wp-content\/uploads\/2018\/11\/SymmetryExercices-RoundedIcon-100x100.png 100w, https:\/\/ar-entertainment.net\/wp\/wp-content\/uploads\/2018\/11\/SymmetryExercices-RoundedIcon.png 1024w\" sizes=\"(max-width: 300px) 100vw, 300px\" \/>\t\t\t\t\t\t\t\t\t\t\t\t\t\t\t<\/div>\n\t\t\t\t<\/div>\n\t\t\t\t\t<\/div>\n\t\t<\/div>\n\t\t\t\t\t\t\t<\/div>\n\t\t<\/section>\n\t\t\t\t<section class=\"elementor-section elementor-top-section elementor-element elementor-element-4e74648 elementor-section-boxed elementor-section-height-default elementor-section-height-default\" data-id=\"4e74648\" data-element_type=\"section\">\n\t\t\t\t\t\t<div class=\"elementor-container elementor-column-gap-default\">\n\t\t\t\t\t<div class=\"elementor-column elementor-col-100 elementor-top-column elementor-element elementor-element-64e638a\" data-id=\"64e638a\" data-element_type=\"column\">\n\t\t\t<div class=\"elementor-widget-wrap elementor-element-populated\">\n\t\t\t\t\t\t\t\t<div class=\"elementor-element elementor-element-6952c0c elementor-widget elementor-widget-heading\" data-id=\"6952c0c\" data-element_type=\"widget\" data-widget_type=\"heading.default\">\n\t\t\t\t<div class=\"elementor-widget-container\">\n\t\t\t<h2 class=\"elementor-heading-title elementor-size-default\">Exercices de sym\u00e9trie<\/h2>\t\t<\/div>\n\t\t\t\t<\/div>\n\t\t\t\t\t<\/div>\n\t\t<\/div>\n\t\t\t\t\t\t\t<\/div>\n\t\t<\/section>\n\t\t\t\t<section class=\"elementor-section elementor-top-section elementor-element elementor-element-5bfef19 elementor-section-boxed elementor-section-height-default elementor-section-height-default\" data-id=\"5bfef19\" data-element_type=\"section\">\n\t\t\t\t\t\t<div class=\"elementor-container elementor-column-gap-default\">\n\t\t\t\t\t<div class=\"elementor-column elementor-col-100 elementor-top-column elementor-element elementor-element-479de3e\" data-id=\"479de3e\" data-element_type=\"column\">\n\t\t\t<div class=\"elementor-widget-wrap elementor-element-populated\">\n\t\t\t\t\t\t\t\t<div class=\"elementor-element elementor-element-4208653 elementor-widget elementor-widget-image-carousel\" data-id=\"4208653\" data-element_type=\"widget\" data-settings=\"{&quot;slides_to_scroll&quot;:&quot;1&quot;,&quot;navigation&quot;:&quot;none&quot;,&quot;autoplay&quot;:&quot;yes&quot;,&quot;pause_on_hover&quot;:&quot;yes&quot;,&quot;pause_on_interaction&quot;:&quot;yes&quot;,&quot;autoplay_speed&quot;:5000,&quot;infinite&quot;:&quot;yes&quot;,&quot;speed&quot;:500,&quot;image_spacing_custom&quot;:{&quot;unit&quot;:&quot;px&quot;,&quot;size&quot;:20,&quot;sizes&quot;:[]},&quot;image_spacing_custom_tablet&quot;:{&quot;unit&quot;:&quot;px&quot;,&quot;size&quot;:&quot;&quot;,&quot;sizes&quot;:[]},&quot;image_spacing_custom_mobile&quot;:{&quot;unit&quot;:&quot;px&quot;,&quot;size&quot;:&quot;&quot;,&quot;sizes&quot;:[]}}\" data-widget_type=\"image-carousel.default\">\n\t\t\t\t<div class=\"elementor-widget-container\">\n\t\t\t\t\t<div class=\"elementor-image-carousel-wrapper swiper-container\" dir=\"ltr\">\n\t\t\t<div class=\"elementor-image-carousel swiper-wrapper\" aria-live=\"off\">\n\t\t\t\t\t\t\t\t<div class=\"swiper-slide\" role=\"group\" aria-roledescription=\"slide\" aria-label=\"1 of 5\"><figure class=\"swiper-slide-inner\"><img decoding=\"async\" class=\"swiper-slide-image\" src=\"https:\/\/ar-entertainment.net\/wp\/wp-content\/uploads\/2018\/12\/screenshot_01_fr.jpg\" alt=\"screenshot_01_fr\" \/><\/figure><\/div><div class=\"swiper-slide\" role=\"group\" aria-roledescription=\"slide\" aria-label=\"2 of 5\"><figure class=\"swiper-slide-inner\"><img decoding=\"async\" class=\"swiper-slide-image\" src=\"https:\/\/ar-entertainment.net\/wp\/wp-content\/uploads\/2018\/11\/ipad_02.png\" alt=\"ipad_02\" \/><\/figure><\/div><div class=\"swiper-slide\" role=\"group\" aria-roledescription=\"slide\" aria-label=\"3 of 5\"><figure class=\"swiper-slide-inner\"><img decoding=\"async\" class=\"swiper-slide-image\" src=\"https:\/\/ar-entertainment.net\/wp\/wp-content\/uploads\/2018\/12\/screenshot_02_fr.jpg\" alt=\"screenshot_02_fr\" \/><\/figure><\/div><div class=\"swiper-slide\" role=\"group\" aria-roledescription=\"slide\" aria-label=\"4 of 5\"><figure class=\"swiper-slide-inner\"><img decoding=\"async\" class=\"swiper-slide-image\" src=\"https:\/\/ar-entertainment.net\/wp\/wp-content\/uploads\/2018\/11\/ipad_01.png\" alt=\"ipad_01\" \/><\/figure><\/div><div class=\"swiper-slide\" role=\"group\" aria-roledescription=\"slide\" aria-label=\"5 of 5\"><figure class=\"swiper-slide-inner\"><img decoding=\"async\" class=\"swiper-slide-image\" src=\"https:\/\/ar-entertainment.net\/wp\/wp-content\/uploads\/2018\/11\/ipad_03.png\" alt=\"ipad_03\" \/><\/figure><\/div>\t\t\t<\/div>\n\t\t\t\t\t\t\t\n\t\t\t\t\t\t\t\t\t<\/div>\n\t\t\t\t<\/div>\n\t\t\t\t<\/div>\n\t\t\t\t\t<\/div>\n\t\t<\/div>\n\t\t\t\t\t\t\t<\/div>\n\t\t<\/section>\n\t\t\t\t<section class=\"elementor-section elementor-top-section elementor-element elementor-element-5c774b0 elementor-section-boxed elementor-section-height-default elementor-section-height-default\" data-id=\"5c774b0\" data-element_type=\"section\">\n\t\t\t\t\t\t<div class=\"elementor-container elementor-column-gap-default\">\n\t\t\t\t\t<div class=\"elementor-column elementor-col-100 elementor-top-column elementor-element elementor-element-7fcd4f86\" data-id=\"7fcd4f86\" data-element_type=\"column\">\n\t\t\t<div class=\"elementor-widget-wrap elementor-element-populated\">\n\t\t\t\t\t\t\t\t<div class=\"elementor-element elementor-element-692fa529 elementor-widget elementor-widget-text-editor\" data-id=\"692fa529\" data-element_type=\"widget\" data-widget_type=\"text-editor.default\">\n\t\t\t\t<div class=\"elementor-widget-container\">\n\t\t\t\t\t\t\t<p>Avec une feuille blanche, un quadrillage et un mod\u00e8le, votre enfant va pouvoir dessiner 32 dessins sur iPad, 16 sur iPhone dans cette version Lite. Dans la version compl\u00e8te, plus de 120 dessins (60 sur iPhone) sont disponibles.<\/p><p>Recopier un dessin n&#8217;est pas aussi simple qu&#8217;on le croit, cela demande beaucoup de concentration et d&#8217;attention pour l&#8217;enfant.\u00a0<\/p><p>En s&#8217;amusant \u00e0 recopier les mod\u00e8les, l&#8217;enfant va exercer son sens de l&#8217;observation et sa logique avec les modes &#8220;d\u00e9placer&#8221; et &#8220;sym\u00e9tries&#8221;, avec 2 niveaux de difficult\u00e9.\u00a0<\/p><p>Points forts de la version compl\u00e8te :\u00a0<\/p><p>&#8211; plus de 120 mod\u00e8les \u00e0 redessiner (60 sur iPhone)\u00a0<br \/>&#8211; 2 niveaux de difficult\u00e9s pour s&#8217;adapter \u00e0 tous les enfants (1 sur iPhone)\u00a0<br \/>&#8211; 4 modes de jeux : COPIER &#8211; D\u00c9PLACER &#8211; SYM\u00c9TRIE VERTICALE &#8211; SYM\u00c9TRIE HORIZONTALE &#8211; MODE CR\u00c9ATION<br \/>&#8211; le mode cr\u00e9ation permet \u00e0 l&#8217;enfant de s&#8217;exprimer librement (uniquement dans la version compl\u00e8te)<br \/>&#8211; une option DROITIER\/GAUCHER pour le mode SYM\u00c9TRIE VERTICALE\u00a0<br \/>&#8211; possibilit\u00e9 d&#8217;IMPRIMER tous les mod\u00e8les (avec plusieurs options d&#8217;impression)<\/p><p>Avec cette application, votre enfant s&#8217;amusera et vous \u00e9tonnera !<\/p>\t\t\t\t\t\t<\/div>\n\t\t\t\t<\/div>\n\t\t\t\t\t<\/div>\n\t\t<\/div>\n\t\t\t\t\t\t\t<\/div>\n\t\t<\/section>\n\t\t\t\t<section class=\"elementor-section elementor-top-section elementor-element elementor-element-b649913 elementor-section-boxed elementor-section-height-default elementor-section-height-default\" data-id=\"b649913\" data-element_type=\"section\">\n\t\t\t\t\t\t<div class=\"elementor-container elementor-column-gap-default\">\n\t\t\t\t\t<div class=\"elementor-column elementor-col-50 elementor-top-column elementor-element elementor-element-bae7f61\" data-id=\"bae7f61\" data-element_type=\"column\">\n\t\t\t<div class=\"elementor-widget-wrap elementor-element-populated\">\n\t\t\t\t\t\t\t\t<div class=\"elementor-element elementor-element-5e60d0e elementor-widget elementor-widget-text-editor\" data-id=\"5e60d0e\" data-element_type=\"widget\" data-widget_type=\"text-editor.default\">\n\t\t\t\t<div class=\"elementor-widget-container\">\n\t\t\t\t\t\t\t<p style=\"text-align: center;\">VERSION COMPL\u00c8TE<\/p><p><a href=\"https:\/\/itunes.apple.com\/fr\/app\/id580540970?mt=8\"><img decoding=\"async\" class=\"aligncenter\" src=\"http:\/\/ar-entertainment.net\/wp\/wp-content\/uploads\/2018\/10\/global-appstore-2-300x89.png\" alt=\"\" width=\"300\" height=\"89\" \/><\/a><\/p>\t\t\t\t\t\t<\/div>\n\t\t\t\t<\/div>\n\t\t\t\t\t<\/div>\n\t\t<\/div>\n\t\t\t\t<div class=\"elementor-column elementor-col-50 elementor-top-column elementor-element elementor-element-cdeebad\" data-id=\"cdeebad\" data-element_type=\"column\">\n\t\t\t<div class=\"elementor-widget-wrap elementor-element-populated\">\n\t\t\t\t\t\t\t\t<div class=\"elementor-element elementor-element-6536623 elementor-widget elementor-widget-text-editor\" data-id=\"6536623\" data-element_type=\"widget\" data-widget_type=\"text-editor.default\">\n\t\t\t\t<div class=\"elementor-widget-container\">\n\t\t\t\t\t\t\t<p style=\"text-align: center;\">VERSION FREEMIUM<\/p><p><a href=\"https:\/\/itunes.apple.com\/fr\/app\/id581373862?mt=8\"><img decoding=\"async\" class=\"aligncenter\" src=\"http:\/\/ar-entertainment.net\/wp\/wp-content\/uploads\/2018\/10\/global-appstore-2-300x89.png\" alt=\"\" width=\"300\" height=\"89\" \/><\/a><\/p>\t\t\t\t\t\t<\/div>\n\t\t\t\t<\/div>\n\t\t\t\t\t<\/div>\n\t\t<\/div>\n\t\t\t\t\t\t\t<\/div>\n\t\t<\/section>\n\t\t\t\t\t\t\t<\/div>\n\t\t","protected":false},"excerpt":{"rendered":"<p>Exercices de sym\u00e9trie Avec une feuille blanche, un quadrillage et un mod\u00e8le, votre enfant va pouvoir dessiner 32 dessins sur iPad, 16 sur iPhone dans cette version Lite. Dans la version compl\u00e8te, plus de 120 dessins (60 sur iPhone) sont disponibles. Recopier un dessin n&#8217;est pas aussi simple qu&#8217;on le croit, cela demande beaucoup de [&hellip;]<\/p>\n","protected":false},"featured_media":7658,"template":"elementor_header_footer","meta":{"_exactmetrics_skip_tracking":false,"_exactmetrics_sitenote_active":false,"_exactmetrics_sitenote_note":"","_exactmetrics_sitenote_category":0},"product_cat":[96,129,246,230],"product_tag":[],"_links":{"self":[{"href":"https:\/\/ar-entertainment.net\/wp\/wp-json\/wp\/v2\/product\/7670"}],"collection":[{"href":"https:\/\/ar-entertainment.net\/wp\/wp-json\/wp\/v2\/product"}],"about":[{"href":"https:\/\/ar-entertainment.net\/wp\/wp-json\/wp\/v2\/types\/product"}],"version-history":[{"count":7,"href":"https:\/\/ar-entertainment.net\/wp\/wp-json\/wp\/v2\/product\/7670\/revisions"}],"predecessor-version":[{"id":9521,"href":"https:\/\/ar-entertainment.net\/wp\/wp-json\/wp\/v2\/product\/7670\/revisions\/9521"}],"wp:featuredmedia":[{"embeddable":true,"href":"https:\/\/ar-entertainment.net\/wp\/wp-json\/wp\/v2\/media\/7658"}],"wp:attachment":[{"href":"https:\/\/ar-entertainment.net\/wp\/wp-json\/wp\/v2\/media?parent=7670"}],"wp:term":[{"taxonomy":"product_cat","embeddable":true,"href":"https:\/\/ar-entertainment.net\/wp\/wp-json\/wp\/v2\/product_cat?post=7670"},{"taxonomy":"product_tag","embeddable":true,"href":"https:\/\/ar-entertainment.net\/wp\/wp-json\/wp\/v2\/product_tag?post=7670"}],"curies":[{"name":"wp","href":"https:\/\/api.w.org\/{rel}","templated":true}]}}