{"id":10733,"date":"2019-02-06T13:44:48","date_gmt":"2019-02-06T13:44:48","guid":{"rendered":"http:\/\/ar-entertainment.net\/wp\/?post_type=product&#038;p=10733"},"modified":"2019-02-06T13:46:52","modified_gmt":"2019-02-06T13:46:52","slug":"meine-ersten-kartenspiele-bataille-royale-2","status":"publish","type":"product","link":"https:\/\/ar-entertainment.net\/wp\/app\/meine-ersten-kartenspiele-bataille-royale-2\/","title":{"rendered":"Meine ersten Kartenspiele: Bataille royale"},"content":{"rendered":"\t\t<div data-elementor-type=\"wp-post\" data-elementor-id=\"10733\" class=\"elementor elementor-10733 elementor-bc-flex-widget\">\n\t\t\t\t\t\t\t\t\t<section class=\"elementor-section elementor-top-section elementor-element elementor-element-783c77c elementor-section-boxed elementor-section-height-default elementor-section-height-default\" data-id=\"783c77c\" data-element_type=\"section\">\n\t\t\t\t\t\t<div class=\"elementor-container elementor-column-gap-default\">\n\t\t\t\t\t<div class=\"elementor-column elementor-col-100 elementor-top-column elementor-element elementor-element-e4e9e78\" data-id=\"e4e9e78\" data-element_type=\"column\">\n\t\t\t<div class=\"elementor-widget-wrap elementor-element-populated\">\n\t\t\t\t\t\t\t\t<div class=\"elementor-element elementor-element-2ef9cb1 elementor-widget elementor-widget-image\" data-id=\"2ef9cb1\" data-element_type=\"widget\" data-widget_type=\"image.default\">\n\t\t\t\t<div class=\"elementor-widget-container\">\n\t\t\t\t\t\t\t\t\t\t\t\t\t\t\t<img fetchpriority=\"high\" decoding=\"async\" width=\"300\" height=\"300\" src=\"https:\/\/ar-entertainment.net\/wp\/wp-content\/uploads\/2018\/11\/Bataille-RoundedIcon-300x300.png\" class=\"attachment-medium size-medium wp-image-8239\" alt=\"\" srcset=\"https:\/\/ar-entertainment.net\/wp\/wp-content\/uploads\/2018\/11\/Bataille-RoundedIcon-300x300.png 300w, https:\/\/ar-entertainment.net\/wp\/wp-content\/uploads\/2018\/11\/Bataille-RoundedIcon-150x150.png 150w, https:\/\/ar-entertainment.net\/wp\/wp-content\/uploads\/2018\/11\/Bataille-RoundedIcon-768x768.png 768w, https:\/\/ar-entertainment.net\/wp\/wp-content\/uploads\/2018\/11\/Bataille-RoundedIcon-512x512.png 512w, https:\/\/ar-entertainment.net\/wp\/wp-content\/uploads\/2018\/11\/Bataille-RoundedIcon-915x915.png 915w, https:\/\/ar-entertainment.net\/wp\/wp-content\/uploads\/2018\/11\/Bataille-RoundedIcon-600x600.png 600w, https:\/\/ar-entertainment.net\/wp\/wp-content\/uploads\/2018\/11\/Bataille-RoundedIcon-393x393.png 393w, https:\/\/ar-entertainment.net\/wp\/wp-content\/uploads\/2018\/11\/Bataille-RoundedIcon-290x290.png 290w, https:\/\/ar-entertainment.net\/wp\/wp-content\/uploads\/2018\/11\/Bataille-RoundedIcon-100x100.png 100w, https:\/\/ar-entertainment.net\/wp\/wp-content\/uploads\/2018\/11\/Bataille-RoundedIcon.png 1024w\" sizes=\"(max-width: 300px) 100vw, 300px\" \/>\t\t\t\t\t\t\t\t\t\t\t\t\t\t\t<\/div>\n\t\t\t\t<\/div>\n\t\t\t\t\t<\/div>\n\t\t<\/div>\n\t\t\t\t\t\t\t<\/div>\n\t\t<\/section>\n\t\t\t\t<section class=\"elementor-section elementor-top-section elementor-element elementor-element-4e74648 elementor-section-boxed elementor-section-height-default elementor-section-height-default\" data-id=\"4e74648\" data-element_type=\"section\">\n\t\t\t\t\t\t<div class=\"elementor-container elementor-column-gap-default\">\n\t\t\t\t\t<div class=\"elementor-column elementor-col-100 elementor-top-column elementor-element elementor-element-64e638a\" data-id=\"64e638a\" data-element_type=\"column\">\n\t\t\t<div class=\"elementor-widget-wrap elementor-element-populated\">\n\t\t\t\t\t\t\t\t<div class=\"elementor-element elementor-element-6952c0c elementor-widget elementor-widget-heading\" data-id=\"6952c0c\" data-element_type=\"widget\" data-widget_type=\"heading.default\">\n\t\t\t\t<div class=\"elementor-widget-container\">\n\t\t\t<h2 class=\"elementor-heading-title elementor-size-default\">Meine ersten Kartenspiele: Bataille royale<\/h2>\t\t<\/div>\n\t\t\t\t<\/div>\n\t\t\t\t\t<\/div>\n\t\t<\/div>\n\t\t\t\t\t\t\t<\/div>\n\t\t<\/section>\n\t\t\t\t<section class=\"elementor-section elementor-top-section elementor-element elementor-element-5bfef19 elementor-section-boxed elementor-section-height-default elementor-section-height-default\" data-id=\"5bfef19\" data-element_type=\"section\">\n\t\t\t\t\t\t<div class=\"elementor-container elementor-column-gap-default\">\n\t\t\t\t\t<div class=\"elementor-column elementor-col-100 elementor-top-column elementor-element elementor-element-479de3e\" data-id=\"479de3e\" data-element_type=\"column\">\n\t\t\t<div class=\"elementor-widget-wrap elementor-element-populated\">\n\t\t\t\t\t\t\t\t<div class=\"elementor-element elementor-element-4208653 elementor-widget elementor-widget-image-carousel\" data-id=\"4208653\" data-element_type=\"widget\" data-settings=\"{&quot;slides_to_scroll&quot;:&quot;1&quot;,&quot;navigation&quot;:&quot;none&quot;,&quot;autoplay&quot;:&quot;yes&quot;,&quot;pause_on_hover&quot;:&quot;yes&quot;,&quot;pause_on_interaction&quot;:&quot;yes&quot;,&quot;autoplay_speed&quot;:5000,&quot;infinite&quot;:&quot;yes&quot;,&quot;speed&quot;:500,&quot;image_spacing_custom&quot;:{&quot;unit&quot;:&quot;px&quot;,&quot;size&quot;:20,&quot;sizes&quot;:[]},&quot;image_spacing_custom_tablet&quot;:{&quot;unit&quot;:&quot;px&quot;,&quot;size&quot;:&quot;&quot;,&quot;sizes&quot;:[]},&quot;image_spacing_custom_mobile&quot;:{&quot;unit&quot;:&quot;px&quot;,&quot;size&quot;:&quot;&quot;,&quot;sizes&quot;:[]}}\" data-widget_type=\"image-carousel.default\">\n\t\t\t\t<div class=\"elementor-widget-container\">\n\t\t\t\t\t<div class=\"elementor-image-carousel-wrapper swiper-container\" dir=\"ltr\">\n\t\t\t<div class=\"elementor-image-carousel swiper-wrapper\" aria-live=\"off\">\n\t\t\t\t\t\t\t\t<div class=\"swiper-slide\" role=\"group\" aria-roledescription=\"slide\" aria-label=\"1 of 5\"><figure class=\"swiper-slide-inner\"><img decoding=\"async\" class=\"swiper-slide-image\" src=\"https:\/\/ar-entertainment.net\/wp\/wp-content\/uploads\/2019\/02\/04-de.jpg\" alt=\"04-de\" \/><\/figure><\/div><div class=\"swiper-slide\" role=\"group\" aria-roledescription=\"slide\" aria-label=\"2 of 5\"><figure class=\"swiper-slide-inner\"><img decoding=\"async\" class=\"swiper-slide-image\" src=\"https:\/\/ar-entertainment.net\/wp\/wp-content\/uploads\/2019\/02\/05-de.jpg\" alt=\"05-de\" \/><\/figure><\/div><div class=\"swiper-slide\" role=\"group\" aria-roledescription=\"slide\" aria-label=\"3 of 5\"><figure class=\"swiper-slide-inner\"><img decoding=\"async\" class=\"swiper-slide-image\" src=\"https:\/\/ar-entertainment.net\/wp\/wp-content\/uploads\/2019\/02\/screenshot-01-de.jpg\" alt=\"screenshot 01 de\" \/><\/figure><\/div><div class=\"swiper-slide\" role=\"group\" aria-roledescription=\"slide\" aria-label=\"4 of 5\"><figure class=\"swiper-slide-inner\"><img decoding=\"async\" class=\"swiper-slide-image\" src=\"https:\/\/ar-entertainment.net\/wp\/wp-content\/uploads\/2019\/02\/screenshot-02-de.jpg\" alt=\"screenshot 02 de\" \/><\/figure><\/div><div class=\"swiper-slide\" role=\"group\" aria-roledescription=\"slide\" aria-label=\"5 of 5\"><figure class=\"swiper-slide-inner\"><img decoding=\"async\" class=\"swiper-slide-image\" src=\"https:\/\/ar-entertainment.net\/wp\/wp-content\/uploads\/2019\/02\/screenshot-03-de.jpg\" alt=\"screenshot 03 de\" \/><\/figure><\/div>\t\t\t<\/div>\n\t\t\t\t\t\t\t\n\t\t\t\t\t\t\t\t\t<\/div>\n\t\t\t\t<\/div>\n\t\t\t\t<\/div>\n\t\t\t\t\t<\/div>\n\t\t<\/div>\n\t\t\t\t\t\t\t<\/div>\n\t\t<\/section>\n\t\t\t\t<section class=\"elementor-section elementor-top-section elementor-element elementor-element-5c774b0 elementor-section-boxed elementor-section-height-default elementor-section-height-default\" data-id=\"5c774b0\" data-element_type=\"section\">\n\t\t\t\t\t\t<div class=\"elementor-container elementor-column-gap-default\">\n\t\t\t\t\t<div class=\"elementor-column elementor-col-100 elementor-top-column elementor-element elementor-element-7fcd4f86\" data-id=\"7fcd4f86\" data-element_type=\"column\">\n\t\t\t<div class=\"elementor-widget-wrap elementor-element-populated\">\n\t\t\t\t\t\t\t\t<div class=\"elementor-element elementor-element-692fa529 elementor-widget elementor-widget-text-editor\" data-id=\"692fa529\" data-element_type=\"widget\" data-widget_type=\"text-editor.default\">\n\t\t\t\t<div class=\"elementor-widget-container\">\n\t\t\t\t\t\t\t<p>Endlich ein Kartenspiel f\u00fcr alle Kinder und das dank der 3 Gr\u00f6\u00dfen von verf\u00fcgbaren Kartenspielen:<br \/>&#8211; 16 Karten (2 bis 5 Jahre)<br \/>&#8211; 32 Karten (2 bis 9 Jahre)<br \/>&#8211; 52 Karten (2 Jahre bis zum Ass)<br \/><br \/>Somit k\u00f6nnen alle Kinder spielen, sogar die j\u00fcngsten, und die Spiele k\u00f6nnen ebenfalls interessant sein f\u00fcr alle anderen Kinder und die Eltern!!!<br \/><br \/>Mit der M\u00f6glichkeit alleine zu spielen oder gegen jemand anderen werden Ihre Kinder Spa\u00df haben, dieses einfache Kartenspiel zu spielen.<\/p><p><a href=\"https:\/\/itunes.apple.com\/de\/app\/id433602658?mt=8\"><img decoding=\"async\" class=\"aligncenter\" src=\"http:\/\/ar-entertainment.net\/wp\/wp-content\/uploads\/2018\/10\/global-appstore-2-300x89.png\" alt=\"\" width=\"300\" height=\"89\" \/><\/a><\/p>\t\t\t\t\t\t<\/div>\n\t\t\t\t<\/div>\n\t\t\t\t<div class=\"elementor-element elementor-element-49bca6e elementor-widget elementor-widget-text-editor\" data-id=\"49bca6e\" data-element_type=\"widget\" data-widget_type=\"text-editor.default\">\n\t\t\t\t<div class=\"elementor-widget-container\">\n\t\t\t\t\t\t\t\t\t\t\t\t\t<\/div>\n\t\t\t\t<\/div>\n\t\t\t\t\t<\/div>\n\t\t<\/div>\n\t\t\t\t\t\t\t<\/div>\n\t\t<\/section>\n\t\t\t\t\t\t\t<\/div>\n\t\t","protected":false},"excerpt":{"rendered":"<p>Meine ersten Kartenspiele: Bataille royale Endlich ein Kartenspiel f\u00fcr alle Kinder und das dank der 3 Gr\u00f6\u00dfen von verf\u00fcgbaren Kartenspielen:&#8211; 16 Karten (2 bis 5 Jahre)&#8211; 32 Karten (2 bis 9 Jahre)&#8211; 52 Karten (2 Jahre bis zum Ass) Somit k\u00f6nnen alle Kinder spielen, sogar die j\u00fcngsten, und die Spiele k\u00f6nnen ebenfalls interessant sein f\u00fcr [&hellip;]<\/p>\n","protected":false},"featured_media":8239,"template":"elementor_header_footer","meta":{"_exactmetrics_skip_tracking":false,"_exactmetrics_sitenote_active":false,"_exactmetrics_sitenote_note":"","_exactmetrics_sitenote_category":0},"product_cat":[348,294,272],"product_tag":[],"_links":{"self":[{"href":"https:\/\/ar-entertainment.net\/wp\/wp-json\/wp\/v2\/product\/10733"}],"collection":[{"href":"https:\/\/ar-entertainment.net\/wp\/wp-json\/wp\/v2\/product"}],"about":[{"href":"https:\/\/ar-entertainment.net\/wp\/wp-json\/wp\/v2\/types\/product"}],"version-history":[{"count":3,"href":"https:\/\/ar-entertainment.net\/wp\/wp-json\/wp\/v2\/product\/10733\/revisions"}],"predecessor-version":[{"id":10741,"href":"https:\/\/ar-entertainment.net\/wp\/wp-json\/wp\/v2\/product\/10733\/revisions\/10741"}],"wp:featuredmedia":[{"embeddable":true,"href":"https:\/\/ar-entertainment.net\/wp\/wp-json\/wp\/v2\/media\/8239"}],"wp:attachment":[{"href":"https:\/\/ar-entertainment.net\/wp\/wp-json\/wp\/v2\/media?parent=10733"}],"wp:term":[{"taxonomy":"product_cat","embeddable":true,"href":"https:\/\/ar-entertainment.net\/wp\/wp-json\/wp\/v2\/product_cat?post=10733"},{"taxonomy":"product_tag","embeddable":true,"href":"https:\/\/ar-entertainment.net\/wp\/wp-json\/wp\/v2\/product_tag?post=10733"}],"curies":[{"name":"wp","href":"https:\/\/api.w.org\/{rel}","templated":true}]}}