{"id":10556,"date":"2019-01-23T17:39:58","date_gmt":"2019-01-23T17:39:58","guid":{"rendered":"http:\/\/ar-entertainment.net\/wp\/?post_type=product&#038;p=10556"},"modified":"2019-01-23T17:41:44","modified_gmt":"2019-01-23T17:41:44","slug":"mis-primeros-tangrams-2","status":"publish","type":"product","link":"https:\/\/ar-entertainment.net\/wp\/app\/mis-primeros-tangrams-2\/","title":{"rendered":"Mis Primeros Tangrams 2"},"content":{"rendered":"\t\t<div data-elementor-type=\"wp-post\" data-elementor-id=\"10556\" class=\"elementor elementor-10556 elementor-bc-flex-widget\">\n\t\t\t\t\t\t\t\t\t<section class=\"elementor-section elementor-top-section elementor-element elementor-element-783c77c elementor-section-boxed elementor-section-height-default elementor-section-height-default\" data-id=\"783c77c\" data-element_type=\"section\">\n\t\t\t\t\t\t<div class=\"elementor-container elementor-column-gap-default\">\n\t\t\t\t\t<div class=\"elementor-column elementor-col-100 elementor-top-column elementor-element elementor-element-e4e9e78\" data-id=\"e4e9e78\" data-element_type=\"column\">\n\t\t\t<div class=\"elementor-widget-wrap elementor-element-populated\">\n\t\t\t\t\t\t\t\t<div class=\"elementor-element elementor-element-2ef9cb1 elementor-widget elementor-widget-image\" data-id=\"2ef9cb1\" data-element_type=\"widget\" data-widget_type=\"image.default\">\n\t\t\t\t<div class=\"elementor-widget-container\">\n\t\t\t\t\t\t\t\t\t\t\t\t\t\t\t<img fetchpriority=\"high\" decoding=\"async\" width=\"300\" height=\"300\" src=\"https:\/\/ar-entertainment.net\/wp\/wp-content\/uploads\/2018\/11\/Tangrams2-RoundedIcon-300x300.png\" class=\"attachment-medium size-medium wp-image-7500\" alt=\"\" srcset=\"https:\/\/ar-entertainment.net\/wp\/wp-content\/uploads\/2018\/11\/Tangrams2-RoundedIcon-300x300.png 300w, https:\/\/ar-entertainment.net\/wp\/wp-content\/uploads\/2018\/11\/Tangrams2-RoundedIcon-150x150.png 150w, https:\/\/ar-entertainment.net\/wp\/wp-content\/uploads\/2018\/11\/Tangrams2-RoundedIcon-768x768.png 768w, https:\/\/ar-entertainment.net\/wp\/wp-content\/uploads\/2018\/11\/Tangrams2-RoundedIcon-512x512.png 512w, https:\/\/ar-entertainment.net\/wp\/wp-content\/uploads\/2018\/11\/Tangrams2-RoundedIcon-915x915.png 915w, https:\/\/ar-entertainment.net\/wp\/wp-content\/uploads\/2018\/11\/Tangrams2-RoundedIcon-600x600.png 600w, https:\/\/ar-entertainment.net\/wp\/wp-content\/uploads\/2018\/11\/Tangrams2-RoundedIcon-393x393.png 393w, https:\/\/ar-entertainment.net\/wp\/wp-content\/uploads\/2018\/11\/Tangrams2-RoundedIcon-290x290.png 290w, https:\/\/ar-entertainment.net\/wp\/wp-content\/uploads\/2018\/11\/Tangrams2-RoundedIcon-100x100.png 100w, https:\/\/ar-entertainment.net\/wp\/wp-content\/uploads\/2018\/11\/Tangrams2-RoundedIcon.png 1024w\" sizes=\"(max-width: 300px) 100vw, 300px\" \/>\t\t\t\t\t\t\t\t\t\t\t\t\t\t\t<\/div>\n\t\t\t\t<\/div>\n\t\t\t\t\t<\/div>\n\t\t<\/div>\n\t\t\t\t\t\t\t<\/div>\n\t\t<\/section>\n\t\t\t\t<section class=\"elementor-section elementor-top-section elementor-element elementor-element-4e74648 elementor-section-boxed elementor-section-height-default elementor-section-height-default\" data-id=\"4e74648\" data-element_type=\"section\">\n\t\t\t\t\t\t<div class=\"elementor-container elementor-column-gap-default\">\n\t\t\t\t\t<div class=\"elementor-column elementor-col-100 elementor-top-column elementor-element elementor-element-64e638a\" data-id=\"64e638a\" data-element_type=\"column\">\n\t\t\t<div class=\"elementor-widget-wrap elementor-element-populated\">\n\t\t\t\t\t\t\t\t<div class=\"elementor-element elementor-element-6952c0c elementor-widget elementor-widget-heading\" data-id=\"6952c0c\" data-element_type=\"widget\" data-widget_type=\"heading.default\">\n\t\t\t\t<div class=\"elementor-widget-container\">\n\t\t\t<h2 class=\"elementor-heading-title elementor-size-default\">Mis Primeros Tangrams 2<\/h2>\t\t<\/div>\n\t\t\t\t<\/div>\n\t\t\t\t\t<\/div>\n\t\t<\/div>\n\t\t\t\t\t\t\t<\/div>\n\t\t<\/section>\n\t\t\t\t<section class=\"elementor-section elementor-top-section elementor-element elementor-element-5bfef19 elementor-section-boxed elementor-section-height-default elementor-section-height-default\" data-id=\"5bfef19\" data-element_type=\"section\">\n\t\t\t\t\t\t<div class=\"elementor-container elementor-column-gap-default\">\n\t\t\t\t\t<div class=\"elementor-column elementor-col-100 elementor-top-column elementor-element elementor-element-479de3e\" data-id=\"479de3e\" data-element_type=\"column\">\n\t\t\t<div class=\"elementor-widget-wrap elementor-element-populated\">\n\t\t\t\t\t\t\t\t<div class=\"elementor-element elementor-element-4208653 elementor-widget elementor-widget-image-carousel\" data-id=\"4208653\" data-element_type=\"widget\" data-settings=\"{&quot;slides_to_scroll&quot;:&quot;1&quot;,&quot;navigation&quot;:&quot;none&quot;,&quot;autoplay&quot;:&quot;yes&quot;,&quot;pause_on_hover&quot;:&quot;yes&quot;,&quot;pause_on_interaction&quot;:&quot;yes&quot;,&quot;autoplay_speed&quot;:5000,&quot;infinite&quot;:&quot;yes&quot;,&quot;speed&quot;:500,&quot;image_spacing_custom&quot;:{&quot;unit&quot;:&quot;px&quot;,&quot;size&quot;:20,&quot;sizes&quot;:[]},&quot;image_spacing_custom_tablet&quot;:{&quot;unit&quot;:&quot;px&quot;,&quot;size&quot;:&quot;&quot;,&quot;sizes&quot;:[]},&quot;image_spacing_custom_mobile&quot;:{&quot;unit&quot;:&quot;px&quot;,&quot;size&quot;:&quot;&quot;,&quot;sizes&quot;:[]}}\" data-widget_type=\"image-carousel.default\">\n\t\t\t\t<div class=\"elementor-widget-container\">\n\t\t\t\t\t<div class=\"elementor-image-carousel-wrapper swiper-container\" dir=\"ltr\">\n\t\t\t<div class=\"elementor-image-carousel swiper-wrapper\" aria-live=\"off\">\n\t\t\t\t\t\t\t\t<div class=\"swiper-slide\" role=\"group\" aria-roledescription=\"slide\" aria-label=\"1 of 4\"><figure class=\"swiper-slide-inner\"><img decoding=\"async\" class=\"swiper-slide-image\" src=\"https:\/\/ar-entertainment.net\/wp\/wp-content\/uploads\/2019\/01\/screenshot01_es.jpg\" alt=\"screenshot01_es\" \/><\/figure><\/div><div class=\"swiper-slide\" role=\"group\" aria-roledescription=\"slide\" aria-label=\"2 of 4\"><figure class=\"swiper-slide-inner\"><img decoding=\"async\" class=\"swiper-slide-image\" src=\"https:\/\/ar-entertainment.net\/wp\/wp-content\/uploads\/2019\/01\/screenshot02_es.jpg\" alt=\"screenshot02_es\" \/><\/figure><\/div><div class=\"swiper-slide\" role=\"group\" aria-roledescription=\"slide\" aria-label=\"3 of 4\"><figure class=\"swiper-slide-inner\"><img decoding=\"async\" class=\"swiper-slide-image\" src=\"https:\/\/ar-entertainment.net\/wp\/wp-content\/uploads\/2019\/01\/screenshot03_es.jpg\" alt=\"screenshot03_es\" \/><\/figure><\/div><div class=\"swiper-slide\" role=\"group\" aria-roledescription=\"slide\" aria-label=\"4 of 4\"><figure class=\"swiper-slide-inner\"><img decoding=\"async\" class=\"swiper-slide-image\" src=\"https:\/\/ar-entertainment.net\/wp\/wp-content\/uploads\/2019\/01\/screenshot04_es.jpg\" alt=\"screenshot04_es\" \/><\/figure><\/div>\t\t\t<\/div>\n\t\t\t\t\t\t\t\n\t\t\t\t\t\t\t\t\t<\/div>\n\t\t\t\t<\/div>\n\t\t\t\t<\/div>\n\t\t\t\t\t<\/div>\n\t\t<\/div>\n\t\t\t\t\t\t\t<\/div>\n\t\t<\/section>\n\t\t\t\t<section class=\"elementor-section elementor-top-section elementor-element elementor-element-5c774b0 elementor-section-boxed elementor-section-height-default elementor-section-height-default\" data-id=\"5c774b0\" data-element_type=\"section\">\n\t\t\t\t\t\t<div class=\"elementor-container elementor-column-gap-default\">\n\t\t\t\t\t<div class=\"elementor-column elementor-col-100 elementor-top-column elementor-element elementor-element-7fcd4f86\" data-id=\"7fcd4f86\" data-element_type=\"column\">\n\t\t\t<div class=\"elementor-widget-wrap elementor-element-populated\">\n\t\t\t\t\t\t\t\t<div class=\"elementor-element elementor-element-692fa529 elementor-widget elementor-widget-text-editor\" data-id=\"692fa529\" data-element_type=\"widget\" data-widget_type=\"text-editor.default\">\n\t\t\t\t<div class=\"elementor-widget-container\">\n\t\t\t\t\t\t\t<p>\u00a1Juega a un n\u00famero ilimitado de Tangrams!<br \/>Crea tus propios Tangrams y despu\u00e9s comp\u00e1rtelos. Cuando los haya validado nuestro equipo, se jugar\u00e1 a tus Tangrams en todo el mundo.<br \/><br \/>Con gesti\u00f3n de colisiones (sin superposiciones), con la capacidad de crear tus propios Tangrams, con elecci\u00f3n entre un tema gr\u00e1fico \u201cmoderno\u201d y dos temas gr\u00e1ficos \u201cde madera\u201d y con los cientos de Tangrams a los que puedes jugar, disfrutar\u00e1s largas horas con este juego.<\/p><div><p><a href=\"https:\/\/itunes.apple.com\/es\/app\/id775735931?mt=8\"><img decoding=\"async\" class=\"aligncenter\" src=\"http:\/\/ar-entertainment.net\/wp\/wp-content\/uploads\/2018\/10\/global-appstore-2-300x89.png\" alt=\"\" width=\"300\" height=\"89\" \/><\/a><\/p><\/div>\t\t\t\t\t\t<\/div>\n\t\t\t\t<\/div>\n\t\t\t\t\t<\/div>\n\t\t<\/div>\n\t\t\t\t\t\t\t<\/div>\n\t\t<\/section>\n\t\t\t\t\t\t\t<\/div>\n\t\t","protected":false},"excerpt":{"rendered":"<p>Mis Primeros Tangrams 2 \u00a1Juega a un n\u00famero ilimitado de Tangrams!Crea tus propios Tangrams y despu\u00e9s comp\u00e1rtelos. Cuando los haya validado nuestro equipo, se jugar\u00e1 a tus Tangrams en todo el mundo. Con gesti\u00f3n de colisiones (sin superposiciones), con la capacidad de crear tus propios Tangrams, con elecci\u00f3n entre un tema gr\u00e1fico \u201cmoderno\u201d y dos [&hellip;]<\/p>\n","protected":false},"featured_media":7500,"template":"elementor_header_footer","meta":{"_exactmetrics_skip_tracking":false,"_exactmetrics_sitenote_active":false,"_exactmetrics_sitenote_note":"","_exactmetrics_sitenote_category":0},"product_cat":[350,356,338,290,344],"product_tag":[],"_links":{"self":[{"href":"https:\/\/ar-entertainment.net\/wp\/wp-json\/wp\/v2\/product\/10556"}],"collection":[{"href":"https:\/\/ar-entertainment.net\/wp\/wp-json\/wp\/v2\/product"}],"about":[{"href":"https:\/\/ar-entertainment.net\/wp\/wp-json\/wp\/v2\/types\/product"}],"version-history":[{"count":3,"href":"https:\/\/ar-entertainment.net\/wp\/wp-json\/wp\/v2\/product\/10556\/revisions"}],"predecessor-version":[{"id":10563,"href":"https:\/\/ar-entertainment.net\/wp\/wp-json\/wp\/v2\/product\/10556\/revisions\/10563"}],"wp:featuredmedia":[{"embeddable":true,"href":"https:\/\/ar-entertainment.net\/wp\/wp-json\/wp\/v2\/media\/7500"}],"wp:attachment":[{"href":"https:\/\/ar-entertainment.net\/wp\/wp-json\/wp\/v2\/media?parent=10556"}],"wp:term":[{"taxonomy":"product_cat","embeddable":true,"href":"https:\/\/ar-entertainment.net\/wp\/wp-json\/wp\/v2\/product_cat?post=10556"},{"taxonomy":"product_tag","embeddable":true,"href":"https:\/\/ar-entertainment.net\/wp\/wp-json\/wp\/v2\/product_tag?post=10556"}],"curies":[{"name":"wp","href":"https:\/\/api.w.org\/{rel}","templated":true}]}}