{"id":10469,"date":"2019-01-23T16:42:12","date_gmt":"2019-01-23T16:42:12","guid":{"rendered":"http:\/\/ar-entertainment.net\/wp\/?post_type=product&#038;p=10469"},"modified":"2019-01-23T16:46:39","modified_gmt":"2019-01-23T16:46:39","slug":"othello-para-ninos","status":"publish","type":"product","link":"https:\/\/ar-entertainment.net\/wp\/app\/othello-para-ninos\/","title":{"rendered":"Othello para ni\u00f1os"},"content":{"rendered":"\t\t<div data-elementor-type=\"wp-post\" data-elementor-id=\"10469\" class=\"elementor elementor-10469 elementor-bc-flex-widget\">\n\t\t\t\t\t\t\t\t\t<section class=\"elementor-section elementor-top-section elementor-element elementor-element-017e5a4 elementor-section-boxed elementor-section-height-default elementor-section-height-default\" data-id=\"017e5a4\" data-element_type=\"section\">\n\t\t\t\t\t\t<div class=\"elementor-container elementor-column-gap-default\">\n\t\t\t\t\t<div class=\"elementor-column elementor-col-100 elementor-top-column elementor-element elementor-element-64ed32d\" data-id=\"64ed32d\" data-element_type=\"column\">\n\t\t\t<div class=\"elementor-widget-wrap elementor-element-populated\">\n\t\t\t\t\t\t\t\t<div class=\"elementor-element elementor-element-7af4882 elementor-widget elementor-widget-image\" data-id=\"7af4882\" data-element_type=\"widget\" data-widget_type=\"image.default\">\n\t\t\t\t<div class=\"elementor-widget-container\">\n\t\t\t\t\t\t\t\t\t\t\t\t\t\t\t<img fetchpriority=\"high\" decoding=\"async\" width=\"300\" height=\"300\" src=\"https:\/\/ar-entertainment.net\/wp\/wp-content\/uploads\/2019\/01\/Reversi-RoundedIcon-300x300.png\" class=\"attachment-medium size-medium wp-image-9542\" alt=\"\" srcset=\"https:\/\/ar-entertainment.net\/wp\/wp-content\/uploads\/2019\/01\/Reversi-RoundedIcon-300x300.png 300w, https:\/\/ar-entertainment.net\/wp\/wp-content\/uploads\/2019\/01\/Reversi-RoundedIcon-150x150.png 150w, https:\/\/ar-entertainment.net\/wp\/wp-content\/uploads\/2019\/01\/Reversi-RoundedIcon-768x768.png 768w, https:\/\/ar-entertainment.net\/wp\/wp-content\/uploads\/2019\/01\/Reversi-RoundedIcon-512x512.png 512w, https:\/\/ar-entertainment.net\/wp\/wp-content\/uploads\/2019\/01\/Reversi-RoundedIcon-915x915.png 915w, https:\/\/ar-entertainment.net\/wp\/wp-content\/uploads\/2019\/01\/Reversi-RoundedIcon-600x600.png 600w, https:\/\/ar-entertainment.net\/wp\/wp-content\/uploads\/2019\/01\/Reversi-RoundedIcon-393x393.png 393w, https:\/\/ar-entertainment.net\/wp\/wp-content\/uploads\/2019\/01\/Reversi-RoundedIcon-290x290.png 290w, https:\/\/ar-entertainment.net\/wp\/wp-content\/uploads\/2019\/01\/Reversi-RoundedIcon-100x100.png 100w, https:\/\/ar-entertainment.net\/wp\/wp-content\/uploads\/2019\/01\/Reversi-RoundedIcon.png 1024w\" sizes=\"(max-width: 300px) 100vw, 300px\" \/>\t\t\t\t\t\t\t\t\t\t\t\t\t\t\t<\/div>\n\t\t\t\t<\/div>\n\t\t\t\t\t<\/div>\n\t\t<\/div>\n\t\t\t\t\t\t\t<\/div>\n\t\t<\/section>\n\t\t\t\t<section class=\"elementor-section elementor-top-section elementor-element elementor-element-d8895ee elementor-section-boxed elementor-section-height-default elementor-section-height-default\" data-id=\"d8895ee\" data-element_type=\"section\">\n\t\t\t\t\t\t<div class=\"elementor-container elementor-column-gap-default\">\n\t\t\t\t\t<div class=\"elementor-column elementor-col-100 elementor-top-column elementor-element elementor-element-650fdaa\" data-id=\"650fdaa\" data-element_type=\"column\">\n\t\t\t<div class=\"elementor-widget-wrap elementor-element-populated\">\n\t\t\t\t\t\t\t\t<div class=\"elementor-element elementor-element-858327f elementor-widget elementor-widget-heading\" data-id=\"858327f\" data-element_type=\"widget\" data-widget_type=\"heading.default\">\n\t\t\t\t<div class=\"elementor-widget-container\">\n\t\t\t<h2 class=\"elementor-heading-title elementor-size-default\">Othello para ni\u00f1os<\/h2>\t\t<\/div>\n\t\t\t\t<\/div>\n\t\t\t\t\t<\/div>\n\t\t<\/div>\n\t\t\t\t\t\t\t<\/div>\n\t\t<\/section>\n\t\t\t\t<section class=\"elementor-section elementor-top-section elementor-element elementor-element-5bfef19 elementor-section-boxed elementor-section-height-default elementor-section-height-default\" data-id=\"5bfef19\" data-element_type=\"section\">\n\t\t\t\t\t\t<div class=\"elementor-container elementor-column-gap-default\">\n\t\t\t\t\t<div class=\"elementor-column elementor-col-100 elementor-top-column elementor-element elementor-element-479de3e\" data-id=\"479de3e\" data-element_type=\"column\">\n\t\t\t<div class=\"elementor-widget-wrap elementor-element-populated\">\n\t\t\t\t\t\t\t\t<div class=\"elementor-element elementor-element-4208653 elementor-widget elementor-widget-image-carousel\" data-id=\"4208653\" data-element_type=\"widget\" data-settings=\"{&quot;slides_to_scroll&quot;:&quot;1&quot;,&quot;navigation&quot;:&quot;none&quot;,&quot;autoplay_speed&quot;:2000,&quot;autoplay&quot;:&quot;yes&quot;,&quot;pause_on_hover&quot;:&quot;yes&quot;,&quot;pause_on_interaction&quot;:&quot;yes&quot;,&quot;infinite&quot;:&quot;yes&quot;,&quot;speed&quot;:500,&quot;image_spacing_custom&quot;:{&quot;unit&quot;:&quot;px&quot;,&quot;size&quot;:20,&quot;sizes&quot;:[]},&quot;image_spacing_custom_tablet&quot;:{&quot;unit&quot;:&quot;px&quot;,&quot;size&quot;:&quot;&quot;,&quot;sizes&quot;:[]},&quot;image_spacing_custom_mobile&quot;:{&quot;unit&quot;:&quot;px&quot;,&quot;size&quot;:&quot;&quot;,&quot;sizes&quot;:[]}}\" data-widget_type=\"image-carousel.default\">\n\t\t\t\t<div class=\"elementor-widget-container\">\n\t\t\t\t\t<div class=\"elementor-image-carousel-wrapper swiper-container\" dir=\"ltr\">\n\t\t\t<div class=\"elementor-image-carousel swiper-wrapper\" aria-live=\"off\">\n\t\t\t\t\t\t\t\t<div class=\"swiper-slide\" role=\"group\" aria-roledescription=\"slide\" aria-label=\"1 of 5\"><figure class=\"swiper-slide-inner\"><img decoding=\"async\" class=\"swiper-slide-image\" src=\"https:\/\/ar-entertainment.net\/wp\/wp-content\/uploads\/2019\/01\/Simulator-Screen-Shot-iPad-Pro-12.9-inch-2nd-generation-2018-12-20-at-09.32.50.png\" alt=\"Simulator Screen Shot - iPad Pro (12.9-inch) (2nd generation) - 2018-12-20 at 09.32.50\" \/><\/figure><\/div><div class=\"swiper-slide\" role=\"group\" aria-roledescription=\"slide\" aria-label=\"2 of 5\"><figure class=\"swiper-slide-inner\"><img decoding=\"async\" class=\"swiper-slide-image\" src=\"https:\/\/ar-entertainment.net\/wp\/wp-content\/uploads\/2019\/01\/Simulator-Screen-Shot-iPad-Pro-12.9-inch-2nd-generation-2018-12-20-at-09.32.58.png\" alt=\"Simulator Screen Shot - iPad Pro (12.9-inch) (2nd generation) - 2018-12-20 at 09.32.58\" \/><\/figure><\/div><div class=\"swiper-slide\" role=\"group\" aria-roledescription=\"slide\" aria-label=\"3 of 5\"><figure class=\"swiper-slide-inner\"><img decoding=\"async\" class=\"swiper-slide-image\" src=\"https:\/\/ar-entertainment.net\/wp\/wp-content\/uploads\/2019\/01\/Simulator-Screen-Shot-iPad-Pro-12.9-inch-2nd-generation-2018-12-20-at-09.33.21.png\" alt=\"Simulator Screen Shot - iPad Pro (12.9-inch) (2nd generation) - 2018-12-20 at 09.33.21\" \/><\/figure><\/div><div class=\"swiper-slide\" role=\"group\" aria-roledescription=\"slide\" aria-label=\"4 of 5\"><figure class=\"swiper-slide-inner\"><img decoding=\"async\" class=\"swiper-slide-image\" src=\"https:\/\/ar-entertainment.net\/wp\/wp-content\/uploads\/2019\/01\/Simulator-Screen-Shot-iPad-Pro-12.9-inch-2nd-generation-2018-12-20-at-09.33.49.png\" alt=\"Simulator Screen Shot - iPad Pro (12.9-inch) (2nd generation) - 2018-12-20 at 09.33.49\" \/><\/figure><\/div><div class=\"swiper-slide\" role=\"group\" aria-roledescription=\"slide\" aria-label=\"5 of 5\"><figure class=\"swiper-slide-inner\"><img decoding=\"async\" class=\"swiper-slide-image\" src=\"https:\/\/ar-entertainment.net\/wp\/wp-content\/uploads\/2019\/01\/Simulator-Screen-Shot-iPad-Pro-12.9-inch-2nd-generation-2018-12-20-at-09.34.09.png\" alt=\"Simulator Screen Shot - iPad Pro (12.9-inch) (2nd generation) - 2018-12-20 at 09.34.09\" \/><\/figure><\/div>\t\t\t<\/div>\n\t\t\t\t\t\t\t\n\t\t\t\t\t\t\t\t\t<\/div>\n\t\t\t\t<\/div>\n\t\t\t\t<\/div>\n\t\t\t\t\t<\/div>\n\t\t<\/div>\n\t\t\t\t\t\t\t<\/div>\n\t\t<\/section>\n\t\t\t\t<section class=\"elementor-section elementor-top-section elementor-element elementor-element-5c774b0 elementor-section-boxed elementor-section-height-default elementor-section-height-default\" data-id=\"5c774b0\" data-element_type=\"section\">\n\t\t\t\t\t\t<div class=\"elementor-container elementor-column-gap-default\">\n\t\t\t\t\t<div class=\"elementor-column elementor-col-100 elementor-top-column elementor-element elementor-element-7fcd4f86\" data-id=\"7fcd4f86\" data-element_type=\"column\">\n\t\t\t<div class=\"elementor-widget-wrap elementor-element-populated\">\n\t\t\t\t\t\t\t\t<div class=\"elementor-element elementor-element-692fa529 elementor-widget elementor-widget-text-editor\" data-id=\"692fa529\" data-element_type=\"widget\" data-widget_type=\"text-editor.default\">\n\t\t\t\t<div class=\"elementor-widget-container\">\n\t\t\t\t\t\t\t<p>\u00bfTe apetece jugar una partida a Othello en el infierno?<br \/>Demuestra tus habilidades estrat\u00e9gicas con este cl\u00e1sico juego de mesa.<br \/>Rodea a tus oponentes y qu\u00edtales las fichas.<br \/>El ganador se salvar\u00e1 de arder en el infierno&#8230;<br \/><br \/>Con 3 niveles de dificultad, 3 tipos de tableros diferentes, la posibilidad de jugar contra la m\u00e1quina, el modo de 2 jugadores y tanto si eres peque\u00f1o o grande, principiante o experto, ven a desafiar al monstruo del infierno en una partida de Othello.<br \/><br \/>De 5 a 99 a\u00f1os. Los cerebros siempre ganan&#8230;<br \/><br \/><\/p>\t\t\t\t\t\t<\/div>\n\t\t\t\t<\/div>\n\t\t\t\t\t<\/div>\n\t\t<\/div>\n\t\t\t\t\t\t\t<\/div>\n\t\t<\/section>\n\t\t\t\t<section class=\"elementor-section elementor-top-section elementor-element elementor-element-4567a52 elementor-section-boxed elementor-section-height-default elementor-section-height-default\" data-id=\"4567a52\" data-element_type=\"section\">\n\t\t\t\t\t\t<div class=\"elementor-container elementor-column-gap-default\">\n\t\t\t\t\t<div class=\"elementor-column elementor-col-100 elementor-top-column elementor-element elementor-element-4273348\" data-id=\"4273348\" data-element_type=\"column\">\n\t\t\t<div class=\"elementor-widget-wrap elementor-element-populated\">\n\t\t\t\t\t\t\t\t<div class=\"elementor-element elementor-element-b36af76 elementor-widget elementor-widget-text-editor\" data-id=\"b36af76\" data-element_type=\"widget\" data-widget_type=\"text-editor.default\">\n\t\t\t\t<div class=\"elementor-widget-container\">\n\t\t\t\t\t\t\t<p style=\"text-align: center;\"><a style=\"background-color: #ffffff;\" href=\"https:\/\/itunes.apple.com\/es\/app\/reversi-for-kids\/id603542314?ls=1&amp;mt=8\"><img decoding=\"async\" class=\"aligncenter\" src=\"http:\/\/ar-entertainment.net\/wp\/wp-content\/uploads\/2018\/10\/global-appstore-2-300x89.png\" alt=\"\" width=\"300\" height=\"89\" \/><\/a><\/p>\t\t\t\t\t\t<\/div>\n\t\t\t\t<\/div>\n\t\t\t\t\t<\/div>\n\t\t<\/div>\n\t\t\t\t\t\t\t<\/div>\n\t\t<\/section>\n\t\t\t\t\t\t\t<\/div>\n\t\t","protected":false},"excerpt":{"rendered":"<p>Othello para ni\u00f1os \u00bfTe apetece jugar una partida a Othello en el infierno?Demuestra tus habilidades estrat\u00e9gicas con este cl\u00e1sico juego de mesa.Rodea a tus oponentes y qu\u00edtales las fichas.El ganador se salvar\u00e1 de arder en el infierno&#8230; Con 3 niveles de dificultad, 3 tipos de tableros diferentes, la posibilidad de jugar contra la m\u00e1quina, el [&hellip;]<\/p>\n","protected":false},"featured_media":9542,"template":"elementor_header_footer","meta":{"_exactmetrics_skip_tracking":false,"_exactmetrics_sitenote_active":false,"_exactmetrics_sitenote_note":"","_exactmetrics_sitenote_category":0},"product_cat":[350,290,344],"product_tag":[],"_links":{"self":[{"href":"https:\/\/ar-entertainment.net\/wp\/wp-json\/wp\/v2\/product\/10469"}],"collection":[{"href":"https:\/\/ar-entertainment.net\/wp\/wp-json\/wp\/v2\/product"}],"about":[{"href":"https:\/\/ar-entertainment.net\/wp\/wp-json\/wp\/v2\/types\/product"}],"version-history":[{"count":2,"href":"https:\/\/ar-entertainment.net\/wp\/wp-json\/wp\/v2\/product\/10469\/revisions"}],"predecessor-version":[{"id":10477,"href":"https:\/\/ar-entertainment.net\/wp\/wp-json\/wp\/v2\/product\/10469\/revisions\/10477"}],"wp:featuredmedia":[{"embeddable":true,"href":"https:\/\/ar-entertainment.net\/wp\/wp-json\/wp\/v2\/media\/9542"}],"wp:attachment":[{"href":"https:\/\/ar-entertainment.net\/wp\/wp-json\/wp\/v2\/media?parent=10469"}],"wp:term":[{"taxonomy":"product_cat","embeddable":true,"href":"https:\/\/ar-entertainment.net\/wp\/wp-json\/wp\/v2\/product_cat?post=10469"},{"taxonomy":"product_tag","embeddable":true,"href":"https:\/\/ar-entertainment.net\/wp\/wp-json\/wp\/v2\/product_tag?post=10469"}],"curies":[{"name":"wp","href":"https:\/\/api.w.org\/{rel}","templated":true}]}}