{"id":8574,"date":"2018-11-27T17:31:39","date_gmt":"2018-11-27T17:31:39","guid":{"rendered":"http:\/\/ar-entertainment.net\/wp\/?post_type=product&#038;p=8574"},"modified":"2018-12-02T13:40:27","modified_gmt":"2018-12-02T13:40:27","slug":"princesse-magique-puzzles-coloriages-dessins-et-autres-jeux","status":"publish","type":"product","link":"http:\/\/ar-entertainment.net\/wp\/app\/princesse-magique-puzzles-coloriages-dessins-et-autres-jeux\/","title":{"rendered":"Princesse magique : Puzzles, Coloriages, Dessins et autres jeux"},"content":{"rendered":"\t\t<div data-elementor-type=\"wp-post\" data-elementor-id=\"8574\" class=\"elementor elementor-8574 elementor-bc-flex-widget\">\n\t\t\t\t\t\t\t\t\t<section class=\"elementor-section elementor-top-section elementor-element elementor-element-017e5a4 elementor-section-boxed elementor-section-height-default elementor-section-height-default\" data-id=\"017e5a4\" data-element_type=\"section\">\n\t\t\t\t\t\t<div class=\"elementor-container elementor-column-gap-default\">\n\t\t\t\t\t<div class=\"elementor-column elementor-col-100 elementor-top-column elementor-element elementor-element-64ed32d\" data-id=\"64ed32d\" data-element_type=\"column\">\n\t\t\t<div class=\"elementor-widget-wrap elementor-element-populated\">\n\t\t\t\t\t\t\t\t<div class=\"elementor-element elementor-element-7af4882 elementor-widget elementor-widget-image\" data-id=\"7af4882\" data-element_type=\"widget\" data-widget_type=\"image.default\">\n\t\t\t\t<div class=\"elementor-widget-container\">\n\t\t\t\t\t\t\t\t\t\t\t\t\t\t\t<img fetchpriority=\"high\" decoding=\"async\" width=\"300\" height=\"300\" src=\"http:\/\/ar-entertainment.net\/wp\/wp-content\/uploads\/2018\/11\/MagicPrincess-RoundedIcon-300x300.png\" class=\"attachment-medium size-medium wp-image-8565\" alt=\"\" srcset=\"http:\/\/ar-entertainment.net\/wp\/wp-content\/uploads\/2018\/11\/MagicPrincess-RoundedIcon-300x300.png 300w, http:\/\/ar-entertainment.net\/wp\/wp-content\/uploads\/2018\/11\/MagicPrincess-RoundedIcon-150x150.png 150w, http:\/\/ar-entertainment.net\/wp\/wp-content\/uploads\/2018\/11\/MagicPrincess-RoundedIcon-768x768.png 768w, http:\/\/ar-entertainment.net\/wp\/wp-content\/uploads\/2018\/11\/MagicPrincess-RoundedIcon-512x512.png 512w, http:\/\/ar-entertainment.net\/wp\/wp-content\/uploads\/2018\/11\/MagicPrincess-RoundedIcon-915x915.png 915w, http:\/\/ar-entertainment.net\/wp\/wp-content\/uploads\/2018\/11\/MagicPrincess-RoundedIcon-600x600.png 600w, http:\/\/ar-entertainment.net\/wp\/wp-content\/uploads\/2018\/11\/MagicPrincess-RoundedIcon-393x393.png 393w, http:\/\/ar-entertainment.net\/wp\/wp-content\/uploads\/2018\/11\/MagicPrincess-RoundedIcon-290x290.png 290w, http:\/\/ar-entertainment.net\/wp\/wp-content\/uploads\/2018\/11\/MagicPrincess-RoundedIcon-100x100.png 100w, http:\/\/ar-entertainment.net\/wp\/wp-content\/uploads\/2018\/11\/MagicPrincess-RoundedIcon.png 1024w\" sizes=\"(max-width: 300px) 100vw, 300px\" \/>\t\t\t\t\t\t\t\t\t\t\t\t\t\t\t<\/div>\n\t\t\t\t<\/div>\n\t\t\t\t\t<\/div>\n\t\t<\/div>\n\t\t\t\t\t\t\t<\/div>\n\t\t<\/section>\n\t\t\t\t<section class=\"elementor-section elementor-top-section elementor-element elementor-element-d8895ee elementor-section-boxed elementor-section-height-default elementor-section-height-default\" data-id=\"d8895ee\" data-element_type=\"section\">\n\t\t\t\t\t\t<div class=\"elementor-container elementor-column-gap-default\">\n\t\t\t\t\t<div class=\"elementor-column elementor-col-100 elementor-top-column elementor-element elementor-element-650fdaa\" data-id=\"650fdaa\" data-element_type=\"column\">\n\t\t\t<div class=\"elementor-widget-wrap elementor-element-populated\">\n\t\t\t\t\t\t\t\t<div class=\"elementor-element elementor-element-858327f elementor-widget elementor-widget-heading\" data-id=\"858327f\" data-element_type=\"widget\" data-widget_type=\"heading.default\">\n\t\t\t\t<div class=\"elementor-widget-container\">\n\t\t\t<h2 class=\"elementor-heading-title elementor-size-default\">Princesse magique : Puzzles, Coloriages, Dessins et autres jeux<\/h2>\t\t<\/div>\n\t\t\t\t<\/div>\n\t\t\t\t\t<\/div>\n\t\t<\/div>\n\t\t\t\t\t\t\t<\/div>\n\t\t<\/section>\n\t\t\t\t<section class=\"elementor-section elementor-top-section elementor-element elementor-element-5bfef19 elementor-section-boxed elementor-section-height-default elementor-section-height-default\" data-id=\"5bfef19\" data-element_type=\"section\">\n\t\t\t\t\t\t<div class=\"elementor-container elementor-column-gap-default\">\n\t\t\t\t\t<div class=\"elementor-column elementor-col-100 elementor-top-column elementor-element elementor-element-479de3e\" data-id=\"479de3e\" data-element_type=\"column\">\n\t\t\t<div class=\"elementor-widget-wrap elementor-element-populated\">\n\t\t\t\t\t\t\t\t<div class=\"elementor-element elementor-element-4208653 elementor-widget elementor-widget-image-carousel\" data-id=\"4208653\" data-element_type=\"widget\" data-settings=\"{&quot;slides_to_scroll&quot;:&quot;1&quot;,&quot;navigation&quot;:&quot;none&quot;,&quot;autoplay_speed&quot;:2000,&quot;autoplay&quot;:&quot;yes&quot;,&quot;pause_on_hover&quot;:&quot;yes&quot;,&quot;pause_on_interaction&quot;:&quot;yes&quot;,&quot;infinite&quot;:&quot;yes&quot;,&quot;speed&quot;:500,&quot;image_spacing_custom&quot;:{&quot;unit&quot;:&quot;px&quot;,&quot;size&quot;:20,&quot;sizes&quot;:[]},&quot;image_spacing_custom_tablet&quot;:{&quot;unit&quot;:&quot;px&quot;,&quot;size&quot;:&quot;&quot;,&quot;sizes&quot;:[]},&quot;image_spacing_custom_mobile&quot;:{&quot;unit&quot;:&quot;px&quot;,&quot;size&quot;:&quot;&quot;,&quot;sizes&quot;:[]}}\" data-widget_type=\"image-carousel.default\">\n\t\t\t\t<div class=\"elementor-widget-container\">\n\t\t\t\t\t<div class=\"elementor-image-carousel-wrapper swiper-container\" dir=\"ltr\">\n\t\t\t<div class=\"elementor-image-carousel swiper-wrapper\" aria-live=\"off\">\n\t\t\t\t\t\t\t\t<div class=\"swiper-slide\" role=\"group\" aria-roledescription=\"slide\" aria-label=\"1 of 5\"><figure class=\"swiper-slide-inner\"><img decoding=\"async\" class=\"swiper-slide-image\" src=\"http:\/\/ar-entertainment.net\/wp\/wp-content\/uploads\/2018\/11\/screenshot_fr.jpg\" alt=\"screenshot_fr\" \/><\/figure><\/div><div class=\"swiper-slide\" role=\"group\" aria-roledescription=\"slide\" aria-label=\"2 of 5\"><figure class=\"swiper-slide-inner\"><img decoding=\"async\" class=\"swiper-slide-image\" src=\"http:\/\/ar-entertainment.net\/wp\/wp-content\/uploads\/2018\/11\/ipadHD02.jpg\" alt=\"ipadHD02\" \/><\/figure><\/div><div class=\"swiper-slide\" role=\"group\" aria-roledescription=\"slide\" aria-label=\"3 of 5\"><figure class=\"swiper-slide-inner\"><img decoding=\"async\" class=\"swiper-slide-image\" src=\"http:\/\/ar-entertainment.net\/wp\/wp-content\/uploads\/2018\/11\/ipadHD03.jpg\" alt=\"ipadHD03\" \/><\/figure><\/div><div class=\"swiper-slide\" role=\"group\" aria-roledescription=\"slide\" aria-label=\"4 of 5\"><figure class=\"swiper-slide-inner\"><img decoding=\"async\" class=\"swiper-slide-image\" src=\"http:\/\/ar-entertainment.net\/wp\/wp-content\/uploads\/2018\/11\/ipadHD04.jpg\" alt=\"ipadHD04\" \/><\/figure><\/div><div class=\"swiper-slide\" role=\"group\" aria-roledescription=\"slide\" aria-label=\"5 of 5\"><figure class=\"swiper-slide-inner\"><img decoding=\"async\" class=\"swiper-slide-image\" src=\"http:\/\/ar-entertainment.net\/wp\/wp-content\/uploads\/2018\/11\/ipadHD05.jpg\" alt=\"ipadHD05\" \/><\/figure><\/div>\t\t\t<\/div>\n\t\t\t\t\t\t\t\n\t\t\t\t\t\t\t\t\t<\/div>\n\t\t\t\t<\/div>\n\t\t\t\t<\/div>\n\t\t\t\t\t<\/div>\n\t\t<\/div>\n\t\t\t\t\t\t\t<\/div>\n\t\t<\/section>\n\t\t\t\t<section class=\"elementor-section elementor-top-section elementor-element elementor-element-5c774b0 elementor-section-boxed elementor-section-height-default elementor-section-height-default\" data-id=\"5c774b0\" data-element_type=\"section\">\n\t\t\t\t\t\t<div class=\"elementor-container elementor-column-gap-default\">\n\t\t\t\t\t<div class=\"elementor-column elementor-col-100 elementor-top-column elementor-element elementor-element-7fcd4f86\" data-id=\"7fcd4f86\" data-element_type=\"column\">\n\t\t\t<div class=\"elementor-widget-wrap elementor-element-populated\">\n\t\t\t\t\t\t\t\t<div class=\"elementor-element elementor-element-692fa529 elementor-widget elementor-widget-text-editor\" data-id=\"692fa529\" data-element_type=\"widget\" data-widget_type=\"text-editor.default\">\n\t\t\t\t<div class=\"elementor-widget-container\">\n\t\t\t\t\t\t\t<p>Joue avec les princesses, les dragons, les grenouilles&#8230; gr\u00e2ce \u00e0 ces 7 activit\u00e9s diff\u00e9rentes !\u00a0<br \/><br \/>Des coloriages (dont certains magiques !!!), des puzzles, un jeu de m\u00e9moire (jouable \u00e0 2 joueurs), un jeu de diff\u00e9rences, un jeu de taquin et du dessin, voil\u00e0 de quoi t&#8217;amuser pendant un bon moment avec plein de personnages diff\u00e9rents.\u00a0<br \/><br \/>En d\u00e9tail :\u00a0<br \/><br \/>&#8211; 7 activit\u00e9s diff\u00e9rentes = des heures de jeu !!!\u00a0<br \/>&#8211; Possibilit\u00e9 d&#8217;imprimer les dessins\/coloriages\u00a0<br \/>&#8211; 1 jeu de m\u00e9moire jouable \u00e0 2 joueurs\u00a0<br \/>&#8211; Aucun achat int\u00e9gr\u00e9\u00a0<br \/>&#8211; Zones &#8220;parents&#8221; prot\u00e9g\u00e9es par contr\u00f4le parental<\/p>\t\t\t\t\t\t<\/div>\n\t\t\t\t<\/div>\n\t\t\t\t\t<\/div>\n\t\t<\/div>\n\t\t\t\t\t\t\t<\/div>\n\t\t<\/section>\n\t\t\t\t<section class=\"elementor-section elementor-top-section elementor-element elementor-element-4567a52 elementor-section-boxed elementor-section-height-default elementor-section-height-default\" data-id=\"4567a52\" data-element_type=\"section\">\n\t\t\t\t\t\t<div class=\"elementor-container elementor-column-gap-default\">\n\t\t\t\t\t<div class=\"elementor-column elementor-col-100 elementor-top-column elementor-element elementor-element-4273348\" data-id=\"4273348\" data-element_type=\"column\">\n\t\t\t<div class=\"elementor-widget-wrap elementor-element-populated\">\n\t\t\t\t\t\t\t\t<div class=\"elementor-element elementor-element-b36af76 elementor-widget elementor-widget-text-editor\" data-id=\"b36af76\" data-element_type=\"widget\" data-widget_type=\"text-editor.default\">\n\t\t\t\t<div class=\"elementor-widget-container\">\n\t\t\t\t\t\t\t<p><a style=\"background-color: #ffffff;\" href=\"https:\/\/itunes.apple.com\/us\/app\/id797440665?mt=8\"><img decoding=\"async\" class=\"aligncenter\" src=\"http:\/\/ar-entertainment.net\/wp\/wp-content\/uploads\/2018\/10\/global-appstore-2-300x89.png\" alt=\"\" width=\"300\" height=\"89\" \/><\/a><\/p>\t\t\t\t\t\t<\/div>\n\t\t\t\t<\/div>\n\t\t\t\t\t<\/div>\n\t\t<\/div>\n\t\t\t\t\t\t\t<\/div>\n\t\t<\/section>\n\t\t\t\t<section class=\"elementor-section elementor-top-section elementor-element elementor-element-e5cd980 elementor-section-boxed elementor-section-height-default elementor-section-height-default\" data-id=\"e5cd980\" data-element_type=\"section\">\n\t\t\t\t\t\t<div class=\"elementor-container elementor-column-gap-default\">\n\t\t\t\t\t<div class=\"elementor-column elementor-col-100 elementor-top-column elementor-element elementor-element-897eff3\" data-id=\"897eff3\" data-element_type=\"column\">\n\t\t\t<div class=\"elementor-widget-wrap elementor-element-populated\">\n\t\t\t\t\t\t\t\t<div class=\"elementor-element elementor-element-054a5ec elementor-widget elementor-widget-video\" data-id=\"054a5ec\" data-element_type=\"widget\" data-settings=\"{&quot;youtube_url&quot;:&quot;https:\\\/\\\/www.youtube.com\\\/watch?v=QAt6ofy2pe8&quot;,&quot;video_type&quot;:&quot;youtube&quot;,&quot;controls&quot;:&quot;yes&quot;}\" data-widget_type=\"video.default\">\n\t\t\t\t<div class=\"elementor-widget-container\">\n\t\t\t\t\t<div class=\"elementor-wrapper elementor-open-inline\">\n\t\t\t<div class=\"elementor-video\"><\/div>\t\t<\/div>\n\t\t\t\t<\/div>\n\t\t\t\t<\/div>\n\t\t\t\t\t<\/div>\n\t\t<\/div>\n\t\t\t\t\t\t\t<\/div>\n\t\t<\/section>\n\t\t\t\t\t\t\t<\/div>\n\t\t","protected":false},"excerpt":{"rendered":"<p>Princesse magique : Puzzles, Coloriages, Dessins et autres jeux Joue avec les princesses, les dragons, les grenouilles&#8230; gr\u00e2ce \u00e0 ces 7 activit\u00e9s diff\u00e9rentes !\u00a0 Des coloriages (dont certains magiques !!!), des puzzles, un jeu de m\u00e9moire (jouable \u00e0 2 joueurs), un jeu de diff\u00e9rences, un jeu de taquin et du dessin, voil\u00e0 de quoi t&#8217;amuser [&hellip;]<\/p>\n","protected":false},"featured_media":8565,"template":"elementor_header_footer","meta":{"_exactmetrics_skip_tracking":false,"_exactmetrics_sitenote_active":false,"_exactmetrics_sitenote_note":"","_exactmetrics_sitenote_category":0},"product_cat":[146,123,129,235],"product_tag":[],"_links":{"self":[{"href":"http:\/\/ar-entertainment.net\/wp\/wp-json\/wp\/v2\/product\/8574"}],"collection":[{"href":"http:\/\/ar-entertainment.net\/wp\/wp-json\/wp\/v2\/product"}],"about":[{"href":"http:\/\/ar-entertainment.net\/wp\/wp-json\/wp\/v2\/types\/product"}],"version-history":[{"count":4,"href":"http:\/\/ar-entertainment.net\/wp\/wp-json\/wp\/v2\/product\/8574\/revisions"}],"predecessor-version":[{"id":8698,"href":"http:\/\/ar-entertainment.net\/wp\/wp-json\/wp\/v2\/product\/8574\/revisions\/8698"}],"wp:featuredmedia":[{"embeddable":true,"href":"http:\/\/ar-entertainment.net\/wp\/wp-json\/wp\/v2\/media\/8565"}],"wp:attachment":[{"href":"http:\/\/ar-entertainment.net\/wp\/wp-json\/wp\/v2\/media?parent=8574"}],"wp:term":[{"taxonomy":"product_cat","embeddable":true,"href":"http:\/\/ar-entertainment.net\/wp\/wp-json\/wp\/v2\/product_cat?post=8574"},{"taxonomy":"product_tag","embeddable":true,"href":"http:\/\/ar-entertainment.net\/wp\/wp-json\/wp\/v2\/product_tag?post=8574"}],"curies":[{"name":"wp","href":"https:\/\/api.w.org\/{rel}","templated":true}]}}