{"id":8400,"date":"2018-11-25T18:07:31","date_gmt":"2018-11-25T18:07:31","guid":{"rendered":"http:\/\/ar-entertainment.net\/wp\/?post_type=product&#038;p=8400"},"modified":"2018-12-02T13:43:36","modified_gmt":"2018-12-02T13:43:36","slug":"mes-premiers-mots-francais","status":"publish","type":"product","link":"http:\/\/ar-entertainment.net\/wp\/app\/mes-premiers-mots-francais\/","title":{"rendered":"Mes premiers mots (Fran\u00e7ais)"},"content":{"rendered":"\t\t<div data-elementor-type=\"wp-post\" data-elementor-id=\"8400\" class=\"elementor elementor-8400 elementor-bc-flex-widget\">\n\t\t\t\t\t\t\t\t\t<section class=\"elementor-section elementor-top-section elementor-element elementor-element-783c77c elementor-section-boxed elementor-section-height-default elementor-section-height-default\" data-id=\"783c77c\" data-element_type=\"section\">\n\t\t\t\t\t\t<div class=\"elementor-container elementor-column-gap-default\">\n\t\t\t\t\t<div class=\"elementor-column elementor-col-100 elementor-top-column elementor-element elementor-element-e4e9e78\" data-id=\"e4e9e78\" data-element_type=\"column\">\n\t\t\t<div class=\"elementor-widget-wrap elementor-element-populated\">\n\t\t\t\t\t\t\t\t<div class=\"elementor-element elementor-element-2ef9cb1 elementor-widget elementor-widget-image\" data-id=\"2ef9cb1\" data-element_type=\"widget\" data-widget_type=\"image.default\">\n\t\t\t\t<div class=\"elementor-widget-container\">\n\t\t\t\t\t\t\t\t\t\t\t\t\t\t\t<img fetchpriority=\"high\" decoding=\"async\" width=\"300\" height=\"300\" src=\"http:\/\/ar-entertainment.net\/wp\/wp-content\/uploads\/2018\/11\/PremiersMots-RoundedIcon-300x300.png\" class=\"attachment-medium size-medium wp-image-8389\" alt=\"\" srcset=\"http:\/\/ar-entertainment.net\/wp\/wp-content\/uploads\/2018\/11\/PremiersMots-RoundedIcon-300x300.png 300w, http:\/\/ar-entertainment.net\/wp\/wp-content\/uploads\/2018\/11\/PremiersMots-RoundedIcon-150x150.png 150w, http:\/\/ar-entertainment.net\/wp\/wp-content\/uploads\/2018\/11\/PremiersMots-RoundedIcon-768x768.png 768w, http:\/\/ar-entertainment.net\/wp\/wp-content\/uploads\/2018\/11\/PremiersMots-RoundedIcon-512x512.png 512w, http:\/\/ar-entertainment.net\/wp\/wp-content\/uploads\/2018\/11\/PremiersMots-RoundedIcon-915x915.png 915w, http:\/\/ar-entertainment.net\/wp\/wp-content\/uploads\/2018\/11\/PremiersMots-RoundedIcon-600x600.png 600w, http:\/\/ar-entertainment.net\/wp\/wp-content\/uploads\/2018\/11\/PremiersMots-RoundedIcon-393x393.png 393w, http:\/\/ar-entertainment.net\/wp\/wp-content\/uploads\/2018\/11\/PremiersMots-RoundedIcon-290x290.png 290w, http:\/\/ar-entertainment.net\/wp\/wp-content\/uploads\/2018\/11\/PremiersMots-RoundedIcon-100x100.png 100w, http:\/\/ar-entertainment.net\/wp\/wp-content\/uploads\/2018\/11\/PremiersMots-RoundedIcon.png 1024w\" sizes=\"(max-width: 300px) 100vw, 300px\" \/>\t\t\t\t\t\t\t\t\t\t\t\t\t\t\t<\/div>\n\t\t\t\t<\/div>\n\t\t\t\t\t<\/div>\n\t\t<\/div>\n\t\t\t\t\t\t\t<\/div>\n\t\t<\/section>\n\t\t\t\t<section class=\"elementor-section elementor-top-section elementor-element elementor-element-4e74648 elementor-section-boxed elementor-section-height-default elementor-section-height-default\" data-id=\"4e74648\" data-element_type=\"section\">\n\t\t\t\t\t\t<div class=\"elementor-container elementor-column-gap-default\">\n\t\t\t\t\t<div class=\"elementor-column elementor-col-100 elementor-top-column elementor-element elementor-element-64e638a\" data-id=\"64e638a\" data-element_type=\"column\">\n\t\t\t<div class=\"elementor-widget-wrap elementor-element-populated\">\n\t\t\t\t\t\t\t\t<div class=\"elementor-element elementor-element-6952c0c elementor-widget elementor-widget-heading\" data-id=\"6952c0c\" data-element_type=\"widget\" data-widget_type=\"heading.default\">\n\t\t\t\t<div class=\"elementor-widget-container\">\n\t\t\t<h2 class=\"elementor-heading-title elementor-size-default\">Mes premiers mots (fran\u00e7ais)<\/h2>\t\t<\/div>\n\t\t\t\t<\/div>\n\t\t\t\t\t<\/div>\n\t\t<\/div>\n\t\t\t\t\t\t\t<\/div>\n\t\t<\/section>\n\t\t\t\t<section class=\"elementor-section elementor-top-section elementor-element elementor-element-5bfef19 elementor-section-boxed elementor-section-height-default elementor-section-height-default\" data-id=\"5bfef19\" data-element_type=\"section\">\n\t\t\t\t\t\t<div class=\"elementor-container elementor-column-gap-default\">\n\t\t\t\t\t<div class=\"elementor-column elementor-col-100 elementor-top-column elementor-element elementor-element-479de3e\" data-id=\"479de3e\" data-element_type=\"column\">\n\t\t\t<div class=\"elementor-widget-wrap elementor-element-populated\">\n\t\t\t\t\t\t\t\t<div class=\"elementor-element elementor-element-4208653 elementor-widget elementor-widget-image-carousel\" data-id=\"4208653\" data-element_type=\"widget\" data-settings=\"{&quot;slides_to_scroll&quot;:&quot;1&quot;,&quot;navigation&quot;:&quot;none&quot;,&quot;autoplay&quot;:&quot;yes&quot;,&quot;pause_on_hover&quot;:&quot;yes&quot;,&quot;pause_on_interaction&quot;:&quot;yes&quot;,&quot;autoplay_speed&quot;:5000,&quot;infinite&quot;:&quot;yes&quot;,&quot;speed&quot;:500,&quot;image_spacing_custom&quot;:{&quot;unit&quot;:&quot;px&quot;,&quot;size&quot;:20,&quot;sizes&quot;:[]},&quot;image_spacing_custom_tablet&quot;:{&quot;unit&quot;:&quot;px&quot;,&quot;size&quot;:&quot;&quot;,&quot;sizes&quot;:[]},&quot;image_spacing_custom_mobile&quot;:{&quot;unit&quot;:&quot;px&quot;,&quot;size&quot;:&quot;&quot;,&quot;sizes&quot;:[]}}\" data-widget_type=\"image-carousel.default\">\n\t\t\t\t<div class=\"elementor-widget-container\">\n\t\t\t\t\t<div class=\"elementor-image-carousel-wrapper swiper-container\" dir=\"ltr\">\n\t\t\t<div class=\"elementor-image-carousel swiper-wrapper\" aria-live=\"off\">\n\t\t\t\t\t\t\t\t<div class=\"swiper-slide\" role=\"group\" aria-roledescription=\"slide\" aria-label=\"1 of 5\"><figure class=\"swiper-slide-inner\"><img decoding=\"async\" class=\"swiper-slide-image\" src=\"http:\/\/ar-entertainment.net\/wp\/wp-content\/uploads\/2018\/11\/ipad1_fr-1.jpeg\" alt=\"ipad1_fr\" \/><\/figure><\/div><div class=\"swiper-slide\" role=\"group\" aria-roledescription=\"slide\" aria-label=\"2 of 5\"><figure class=\"swiper-slide-inner\"><img decoding=\"async\" class=\"swiper-slide-image\" src=\"http:\/\/ar-entertainment.net\/wp\/wp-content\/uploads\/2018\/11\/frenchwords2.jpeg\" alt=\"frenchwords2\" \/><\/figure><\/div><div class=\"swiper-slide\" role=\"group\" aria-roledescription=\"slide\" aria-label=\"3 of 5\"><figure class=\"swiper-slide-inner\"><img decoding=\"async\" class=\"swiper-slide-image\" src=\"http:\/\/ar-entertainment.net\/wp\/wp-content\/uploads\/2018\/11\/frenchwords3.jpeg\" alt=\"frenchwords3\" \/><\/figure><\/div><div class=\"swiper-slide\" role=\"group\" aria-roledescription=\"slide\" aria-label=\"4 of 5\"><figure class=\"swiper-slide-inner\"><img decoding=\"async\" class=\"swiper-slide-image\" src=\"http:\/\/ar-entertainment.net\/wp\/wp-content\/uploads\/2018\/11\/frenchwords4.jpeg\" alt=\"frenchwords4\" \/><\/figure><\/div><div class=\"swiper-slide\" role=\"group\" aria-roledescription=\"slide\" aria-label=\"5 of 5\"><figure class=\"swiper-slide-inner\"><img decoding=\"async\" class=\"swiper-slide-image\" src=\"http:\/\/ar-entertainment.net\/wp\/wp-content\/uploads\/2018\/11\/frenchwords5.jpeg\" alt=\"frenchwords5\" \/><\/figure><\/div>\t\t\t<\/div>\n\t\t\t\t\t\t\t\n\t\t\t\t\t\t\t\t\t<\/div>\n\t\t\t\t<\/div>\n\t\t\t\t<\/div>\n\t\t\t\t\t<\/div>\n\t\t<\/div>\n\t\t\t\t\t\t\t<\/div>\n\t\t<\/section>\n\t\t\t\t<section class=\"elementor-section elementor-top-section elementor-element elementor-element-5c774b0 elementor-section-boxed elementor-section-height-default elementor-section-height-default\" data-id=\"5c774b0\" data-element_type=\"section\">\n\t\t\t\t\t\t<div class=\"elementor-container elementor-column-gap-default\">\n\t\t\t\t\t<div class=\"elementor-column elementor-col-100 elementor-top-column elementor-element elementor-element-7fcd4f86\" data-id=\"7fcd4f86\" data-element_type=\"column\">\n\t\t\t<div class=\"elementor-widget-wrap elementor-element-populated\">\n\t\t\t\t\t\t\t\t<div class=\"elementor-element elementor-element-692fa529 elementor-widget elementor-widget-text-editor\" data-id=\"692fa529\" data-element_type=\"widget\" data-widget_type=\"text-editor.default\">\n\t\t\t\t<div class=\"elementor-widget-container\">\n\t\t\t\t\t\t\t<p>Con\u00e7u pour les enfants de 2 \u00e0 7 ans, ce jeu leur permettra d&#8217;apprendre \u00e0 lire et \u00e0 \u00e9crire plus de 50 mots autour de 3 th\u00e8mes : les animaux, les couleurs et les fruits.\u00a0<br \/><br \/>Les 3 niveaux de difficult\u00e9 permettront aux enfants de progresser. Le but du jeu est de placer les lettres pour former les mots illustr\u00e9s.\u00a0<br \/><br \/>Les lettres sont \u00e9pel\u00e9es quand l&#8217;enfant les touche et une fois le mot reconstitu\u00e9, le mot est prononc\u00e9 (tout cela en francais).<br \/><br \/>Si les lettres sont plac\u00e9es dans le bon ordre, une animation est jou\u00e9e pour r\u00e9compenser l&#8217;enfant.\u00a0<\/p>\t\t\t\t\t\t<\/div>\n\t\t\t\t<\/div>\n\t\t\t\t<div class=\"elementor-element elementor-element-d45ce4f elementor-widget elementor-widget-text-editor\" data-id=\"d45ce4f\" data-element_type=\"widget\" data-widget_type=\"text-editor.default\">\n\t\t\t\t<div class=\"elementor-widget-container\">\n\t\t\t\t\t\t\t<p><a href=\"https:\/\/itunes.apple.com\/fr\/app\/id373865587?mt=8\"><img decoding=\"async\" class=\"aligncenter\" src=\"http:\/\/ar-entertainment.net\/wp\/wp-content\/uploads\/2018\/10\/global-appstore-2-300x89.png\" alt=\"\" width=\"300\" height=\"89\" \/><\/a><br \/><a href=\"https:\/\/play.google.com\/store\/apps\/details?id=com.arent.myfirstwordsfr\"><img decoding=\"async\" class=\"aligncenter\" src=\"http:\/\/ar-entertainment.net\/wp\/wp-content\/uploads\/2018\/10\/global-playstore-2-300x88.png\" alt=\"\" width=\"300\" height=\"88\" \/><\/a><\/p><p><a href=\"https:\/\/www.amazon.com\/AR-Entertainment-net-First-French-Words\/dp\/B006SNQ9M6\/\"><img loading=\"lazy\" decoding=\"async\" class=\"aligncenter\" src=\"http:\/\/ar-entertainment.net\/wp\/wp-content\/uploads\/2018\/10\/global-amazon-2-300x90.jpg\" alt=\"\" width=\"300\" height=\"90\" \/><\/a><\/p>\t\t\t\t\t\t<\/div>\n\t\t\t\t<\/div>\n\t\t\t\t\t<\/div>\n\t\t<\/div>\n\t\t\t\t\t\t\t<\/div>\n\t\t<\/section>\n\t\t\t\t\t\t\t<\/div>\n\t\t","protected":false},"excerpt":{"rendered":"<p>Mes premiers mots (fran\u00e7ais) Con\u00e7u pour les enfants de 2 \u00e0 7 ans, ce jeu leur permettra d&#8217;apprendre \u00e0 lire et \u00e0 \u00e9crire plus de 50 mots autour de 3 th\u00e8mes : les animaux, les couleurs et les fruits.\u00a0 Les 3 niveaux de difficult\u00e9 permettront aux enfants de progresser. Le but du jeu est de [&hellip;]<\/p>\n","protected":false},"featured_media":8389,"template":"elementor_header_footer","meta":{"_exactmetrics_skip_tracking":false,"_exactmetrics_sitenote_active":false,"_exactmetrics_sitenote_note":"","_exactmetrics_sitenote_category":0},"product_cat":[123,129,235,230,163],"product_tag":[],"_links":{"self":[{"href":"http:\/\/ar-entertainment.net\/wp\/wp-json\/wp\/v2\/product\/8400"}],"collection":[{"href":"http:\/\/ar-entertainment.net\/wp\/wp-json\/wp\/v2\/product"}],"about":[{"href":"http:\/\/ar-entertainment.net\/wp\/wp-json\/wp\/v2\/types\/product"}],"version-history":[{"count":2,"href":"http:\/\/ar-entertainment.net\/wp\/wp-json\/wp\/v2\/product\/8400\/revisions"}],"predecessor-version":[{"id":8403,"href":"http:\/\/ar-entertainment.net\/wp\/wp-json\/wp\/v2\/product\/8400\/revisions\/8403"}],"wp:featuredmedia":[{"embeddable":true,"href":"http:\/\/ar-entertainment.net\/wp\/wp-json\/wp\/v2\/media\/8389"}],"wp:attachment":[{"href":"http:\/\/ar-entertainment.net\/wp\/wp-json\/wp\/v2\/media?parent=8400"}],"wp:term":[{"taxonomy":"product_cat","embeddable":true,"href":"http:\/\/ar-entertainment.net\/wp\/wp-json\/wp\/v2\/product_cat?post=8400"},{"taxonomy":"product_tag","embeddable":true,"href":"http:\/\/ar-entertainment.net\/wp\/wp-json\/wp\/v2\/product_tag?post=8400"}],"curies":[{"name":"wp","href":"https:\/\/api.w.org\/{rel}","templated":true}]}}