{"id":8119,"date":"2018-11-23T14:26:34","date_gmt":"2018-11-23T14:26:34","guid":{"rendered":"http:\/\/ar-entertainment.net\/wp\/?post_type=product&#038;p=8119"},"modified":"2019-02-20T14:30:10","modified_gmt":"2019-02-20T14:30:10","slug":"controle-aerien-les-nombres-et-les-lettres","status":"publish","type":"product","link":"http:\/\/ar-entertainment.net\/wp\/app\/controle-aerien-les-nombres-et-les-lettres\/","title":{"rendered":"Contr\u00f4le a\u00e9rien : les nombres et les lettres"},"content":{"rendered":"\t\t<div data-elementor-type=\"wp-post\" data-elementor-id=\"8119\" class=\"elementor elementor-8119 elementor-bc-flex-widget\">\n\t\t\t\t\t\t\t\t\t<section class=\"elementor-section elementor-top-section elementor-element elementor-element-783c77c elementor-section-boxed elementor-section-height-default elementor-section-height-default\" data-id=\"783c77c\" data-element_type=\"section\">\n\t\t\t\t\t\t<div class=\"elementor-container elementor-column-gap-default\">\n\t\t\t\t\t<div class=\"elementor-column elementor-col-100 elementor-top-column elementor-element elementor-element-e4e9e78\" data-id=\"e4e9e78\" data-element_type=\"column\">\n\t\t\t<div class=\"elementor-widget-wrap elementor-element-populated\">\n\t\t\t\t\t\t\t\t<div class=\"elementor-element elementor-element-2ef9cb1 elementor-widget elementor-widget-image\" data-id=\"2ef9cb1\" data-element_type=\"widget\" data-widget_type=\"image.default\">\n\t\t\t\t<div class=\"elementor-widget-container\">\n\t\t\t\t\t\t\t\t\t\t\t\t\t\t\t<img fetchpriority=\"high\" decoding=\"async\" width=\"300\" height=\"300\" src=\"http:\/\/ar-entertainment.net\/wp\/wp-content\/uploads\/2018\/11\/AirControl-RoundedIcon-300x300.png\" class=\"attachment-medium size-medium wp-image-8110\" alt=\"\" srcset=\"http:\/\/ar-entertainment.net\/wp\/wp-content\/uploads\/2018\/11\/AirControl-RoundedIcon-300x300.png 300w, http:\/\/ar-entertainment.net\/wp\/wp-content\/uploads\/2018\/11\/AirControl-RoundedIcon-150x150.png 150w, http:\/\/ar-entertainment.net\/wp\/wp-content\/uploads\/2018\/11\/AirControl-RoundedIcon-768x768.png 768w, http:\/\/ar-entertainment.net\/wp\/wp-content\/uploads\/2018\/11\/AirControl-RoundedIcon-512x512.png 512w, http:\/\/ar-entertainment.net\/wp\/wp-content\/uploads\/2018\/11\/AirControl-RoundedIcon-915x915.png 915w, http:\/\/ar-entertainment.net\/wp\/wp-content\/uploads\/2018\/11\/AirControl-RoundedIcon-600x600.png 600w, http:\/\/ar-entertainment.net\/wp\/wp-content\/uploads\/2018\/11\/AirControl-RoundedIcon-393x393.png 393w, http:\/\/ar-entertainment.net\/wp\/wp-content\/uploads\/2018\/11\/AirControl-RoundedIcon-290x290.png 290w, http:\/\/ar-entertainment.net\/wp\/wp-content\/uploads\/2018\/11\/AirControl-RoundedIcon-100x100.png 100w, http:\/\/ar-entertainment.net\/wp\/wp-content\/uploads\/2018\/11\/AirControl-RoundedIcon.png 1024w\" sizes=\"(max-width: 300px) 100vw, 300px\" \/>\t\t\t\t\t\t\t\t\t\t\t\t\t\t\t<\/div>\n\t\t\t\t<\/div>\n\t\t\t\t\t<\/div>\n\t\t<\/div>\n\t\t\t\t\t\t\t<\/div>\n\t\t<\/section>\n\t\t\t\t<section class=\"elementor-section elementor-top-section elementor-element elementor-element-4e74648 elementor-section-boxed elementor-section-height-default elementor-section-height-default\" data-id=\"4e74648\" data-element_type=\"section\">\n\t\t\t\t\t\t<div class=\"elementor-container elementor-column-gap-default\">\n\t\t\t\t\t<div class=\"elementor-column elementor-col-100 elementor-top-column elementor-element elementor-element-64e638a\" data-id=\"64e638a\" data-element_type=\"column\">\n\t\t\t<div class=\"elementor-widget-wrap elementor-element-populated\">\n\t\t\t\t\t\t\t\t<div class=\"elementor-element elementor-element-6952c0c elementor-widget elementor-widget-heading\" data-id=\"6952c0c\" data-element_type=\"widget\" data-widget_type=\"heading.default\">\n\t\t\t\t<div class=\"elementor-widget-container\">\n\t\t\t<h2 class=\"elementor-heading-title elementor-size-default\">Contr\u00f4le a\u00e9rien : les nombres et les lettres<\/h2>\t\t<\/div>\n\t\t\t\t<\/div>\n\t\t\t\t\t<\/div>\n\t\t<\/div>\n\t\t\t\t\t\t\t<\/div>\n\t\t<\/section>\n\t\t\t\t<section class=\"elementor-section elementor-top-section elementor-element elementor-element-5bfef19 elementor-section-boxed elementor-section-height-default elementor-section-height-default\" data-id=\"5bfef19\" data-element_type=\"section\">\n\t\t\t\t\t\t<div class=\"elementor-container elementor-column-gap-default\">\n\t\t\t\t\t<div class=\"elementor-column elementor-col-100 elementor-top-column elementor-element elementor-element-479de3e\" data-id=\"479de3e\" data-element_type=\"column\">\n\t\t\t<div class=\"elementor-widget-wrap elementor-element-populated\">\n\t\t\t\t\t\t\t\t<div class=\"elementor-element elementor-element-4208653 elementor-widget elementor-widget-image-carousel\" data-id=\"4208653\" data-element_type=\"widget\" data-settings=\"{&quot;slides_to_scroll&quot;:&quot;1&quot;,&quot;navigation&quot;:&quot;none&quot;,&quot;autoplay&quot;:&quot;yes&quot;,&quot;pause_on_hover&quot;:&quot;yes&quot;,&quot;pause_on_interaction&quot;:&quot;yes&quot;,&quot;autoplay_speed&quot;:5000,&quot;infinite&quot;:&quot;yes&quot;,&quot;speed&quot;:500,&quot;image_spacing_custom&quot;:{&quot;unit&quot;:&quot;px&quot;,&quot;size&quot;:20,&quot;sizes&quot;:[]},&quot;image_spacing_custom_tablet&quot;:{&quot;unit&quot;:&quot;px&quot;,&quot;size&quot;:&quot;&quot;,&quot;sizes&quot;:[]},&quot;image_spacing_custom_mobile&quot;:{&quot;unit&quot;:&quot;px&quot;,&quot;size&quot;:&quot;&quot;,&quot;sizes&quot;:[]}}\" data-widget_type=\"image-carousel.default\">\n\t\t\t\t<div class=\"elementor-widget-container\">\n\t\t\t\t\t<div class=\"elementor-image-carousel-wrapper swiper-container\" dir=\"ltr\">\n\t\t\t<div class=\"elementor-image-carousel swiper-wrapper\" aria-live=\"off\">\n\t\t\t\t\t\t\t\t<div class=\"swiper-slide\" role=\"group\" aria-roledescription=\"slide\" aria-label=\"1 of 5\"><figure class=\"swiper-slide-inner\"><img decoding=\"async\" class=\"swiper-slide-image\" src=\"http:\/\/ar-entertainment.net\/wp\/wp-content\/uploads\/2018\/11\/ipad_03-1.jpeg\" alt=\"ipad_03\" \/><\/figure><\/div><div class=\"swiper-slide\" role=\"group\" aria-roledescription=\"slide\" aria-label=\"2 of 5\"><figure class=\"swiper-slide-inner\"><img decoding=\"async\" class=\"swiper-slide-image\" src=\"http:\/\/ar-entertainment.net\/wp\/wp-content\/uploads\/2018\/11\/ipad_04-1.jpeg\" alt=\"ipad_04\" \/><\/figure><\/div><div class=\"swiper-slide\" role=\"group\" aria-roledescription=\"slide\" aria-label=\"3 of 5\"><figure class=\"swiper-slide-inner\"><img decoding=\"async\" class=\"swiper-slide-image\" src=\"http:\/\/ar-entertainment.net\/wp\/wp-content\/uploads\/2018\/11\/ipad_05-1.jpeg\" alt=\"ipad_05\" \/><\/figure><\/div><div class=\"swiper-slide\" role=\"group\" aria-roledescription=\"slide\" aria-label=\"4 of 5\"><figure class=\"swiper-slide-inner\"><img decoding=\"async\" class=\"swiper-slide-image\" src=\"http:\/\/ar-entertainment.net\/wp\/wp-content\/uploads\/2018\/11\/screenshots_ipad_fr.jpg\" alt=\"screenshots_ipad_fr\" \/><\/figure><\/div><div class=\"swiper-slide\" role=\"group\" aria-roledescription=\"slide\" aria-label=\"5 of 5\"><figure class=\"swiper-slide-inner\"><img decoding=\"async\" class=\"swiper-slide-image\" src=\"http:\/\/ar-entertainment.net\/wp\/wp-content\/uploads\/2019\/02\/ipad_02_FR.png\" alt=\"ipad_02_FR\" \/><\/figure><\/div>\t\t\t<\/div>\n\t\t\t\t\t\t\t\n\t\t\t\t\t\t\t\t\t<\/div>\n\t\t\t\t<\/div>\n\t\t\t\t<\/div>\n\t\t\t\t\t<\/div>\n\t\t<\/div>\n\t\t\t\t\t\t\t<\/div>\n\t\t<\/section>\n\t\t\t\t<section class=\"elementor-section elementor-top-section elementor-element elementor-element-5c774b0 elementor-section-boxed elementor-section-height-default elementor-section-height-default\" data-id=\"5c774b0\" data-element_type=\"section\">\n\t\t\t\t\t\t<div class=\"elementor-container elementor-column-gap-default\">\n\t\t\t\t\t<div class=\"elementor-column elementor-col-100 elementor-top-column elementor-element elementor-element-7fcd4f86\" data-id=\"7fcd4f86\" data-element_type=\"column\">\n\t\t\t<div class=\"elementor-widget-wrap elementor-element-populated\">\n\t\t\t\t\t\t\t\t<div class=\"elementor-element elementor-element-692fa529 elementor-widget elementor-widget-text-editor\" data-id=\"692fa529\" data-element_type=\"widget\" data-widget_type=\"text-editor.default\">\n\t\t\t\t<div class=\"elementor-widget-container\">\n\t\t\t\t\t\t\t<p>&#8211; Dis papa, tu sais ce que je veux faire quand je serai grand ? Je veux \u00eatre pilote d&#8217;avion&#8230;<br \/>&#8211; C&#8217;est une tr\u00e8s bonne id\u00e9e, mais pour \u00e7a, il faut tr\u00e8s bien travailler \u00e0 l&#8217;\u00e9cole&#8230;<br \/>&#8211; Mais papa, regarde, je sais d\u00e9j\u00e0 piloter des avions, et m\u00eame des h\u00e9licopt\u00e8res, et en plus j&#8217;apprends plein de chose avec le jeu &#8220;Contr\u00f4le a\u00e9rien, les nombres et les lettres&#8221;.<br \/><br \/>Compter, calculer, diff\u00e9rencier les chiffres pairs et impairs, reconnaitre les lettres de l\u2019alphabet, trier les voyelles et les consonnes&#8230; tout en s&#8217;amusant, l&#8217;enfant s&#8217;exercera avec les chiffres et les lettres. 3 niveaux de difficult\u00e9 lui permettent de progresser simplement et en s&#8217;amusant.<br \/><br \/>En commen\u00e7ant avec le mode solo (entrainement), l&#8217;enfant apprendra \u00e0 son rythme, pour ensuite passer au mode aventure avec des exercices impos\u00e9s.<br \/><br \/>Dans le mode solo, 8 modes de jeu sont disponibles, avec 3 niveaux de difficult\u00e9.<br \/>Dans le mode aventure, 10 missions sont disponibles, avec l\u00e0 aussi 3 niveaux de difficult\u00e9.<br \/><br \/>&#8230;Allo, la tour de contr\u00f4le ? Ici tango charlie&#8230; Je demande l&#8217;autorisation d&#8217;atterrir sur la piste A&#8230;<\/p><p><a href=\"https:\/\/itunes.apple.com\/fr\/app\/id563903932?mt=8\"><img decoding=\"async\" class=\"aligncenter\" src=\"http:\/\/ar-entertainment.net\/wp\/wp-content\/uploads\/2018\/10\/global-appstore-2-300x89.png\" alt=\"\" width=\"300\" height=\"89\" \/><\/a><\/p>\t\t\t\t\t\t<\/div>\n\t\t\t\t<\/div>\n\t\t\t\t<div class=\"elementor-element elementor-element-49bca6e elementor-widget elementor-widget-text-editor\" data-id=\"49bca6e\" data-element_type=\"widget\" data-widget_type=\"text-editor.default\">\n\t\t\t\t<div class=\"elementor-widget-container\">\n\t\t\t\t\t\t\t\t\t\t\t\t\t<\/div>\n\t\t\t\t<\/div>\n\t\t\t\t\t<\/div>\n\t\t<\/div>\n\t\t\t\t\t\t\t<\/div>\n\t\t<\/section>\n\t\t\t\t\t\t\t<\/div>\n\t\t","protected":false},"excerpt":{"rendered":"<p>Contr\u00f4le a\u00e9rien : les nombres et les lettres &#8211; Dis papa, tu sais ce que je veux faire quand je serai grand ? Je veux \u00eatre pilote d&#8217;avion&#8230;&#8211; C&#8217;est une tr\u00e8s bonne id\u00e9e, mais pour \u00e7a, il faut tr\u00e8s bien travailler \u00e0 l&#8217;\u00e9cole&#8230;&#8211; Mais papa, regarde, je sais d\u00e9j\u00e0 piloter des avions, et m\u00eame des [&hellip;]<\/p>\n","protected":false},"featured_media":8110,"template":"elementor_header_footer","meta":{"_exactmetrics_skip_tracking":false,"_exactmetrics_sitenote_active":false,"_exactmetrics_sitenote_note":"","_exactmetrics_sitenote_category":0},"product_cat":[129,239,151],"product_tag":[],"_links":{"self":[{"href":"http:\/\/ar-entertainment.net\/wp\/wp-json\/wp\/v2\/product\/8119"}],"collection":[{"href":"http:\/\/ar-entertainment.net\/wp\/wp-json\/wp\/v2\/product"}],"about":[{"href":"http:\/\/ar-entertainment.net\/wp\/wp-json\/wp\/v2\/types\/product"}],"version-history":[{"count":5,"href":"http:\/\/ar-entertainment.net\/wp\/wp-json\/wp\/v2\/product\/8119\/revisions"}],"predecessor-version":[{"id":10959,"href":"http:\/\/ar-entertainment.net\/wp\/wp-json\/wp\/v2\/product\/8119\/revisions\/10959"}],"wp:featuredmedia":[{"embeddable":true,"href":"http:\/\/ar-entertainment.net\/wp\/wp-json\/wp\/v2\/media\/8110"}],"wp:attachment":[{"href":"http:\/\/ar-entertainment.net\/wp\/wp-json\/wp\/v2\/media?parent=8119"}],"wp:term":[{"taxonomy":"product_cat","embeddable":true,"href":"http:\/\/ar-entertainment.net\/wp\/wp-json\/wp\/v2\/product_cat?post=8119"},{"taxonomy":"product_tag","embeddable":true,"href":"http:\/\/ar-entertainment.net\/wp\/wp-json\/wp\/v2\/product_tag?post=8119"}],"curies":[{"name":"wp","href":"https:\/\/api.w.org\/{rel}","templated":true}]}}