{"id":12005,"date":"2023-07-25T18:59:23","date_gmt":"2023-07-25T18:59:23","guid":{"rendered":"http:\/\/ar-entertainment.net\/wp\/?post_type=product&#038;p=12005"},"modified":"2023-07-25T19:12:33","modified_gmt":"2023-07-25T19:12:33","slug":"college-maths-masters","status":"publish","type":"product","link":"http:\/\/ar-entertainment.net\/wp\/app\/college-maths-masters\/","title":{"rendered":"Coll\u00e8ge Maths Masters"},"content":{"rendered":"\t\t<div data-elementor-type=\"wp-post\" data-elementor-id=\"12005\" class=\"elementor elementor-12005\">\n\t\t\t\t\t\t\t\t\t<section class=\"elementor-section elementor-top-section elementor-element elementor-element-783c77c elementor-section-boxed elementor-section-height-default elementor-section-height-default\" data-id=\"783c77c\" data-element_type=\"section\">\n\t\t\t\t\t\t<div class=\"elementor-container elementor-column-gap-default\">\n\t\t\t\t\t<div class=\"elementor-column elementor-col-100 elementor-top-column elementor-element elementor-element-e4e9e78\" data-id=\"e4e9e78\" data-element_type=\"column\">\n\t\t\t<div class=\"elementor-widget-wrap elementor-element-populated\">\n\t\t\t\t\t\t\t\t<div class=\"elementor-element elementor-element-2ef9cb1 elementor-widget elementor-widget-image\" data-id=\"2ef9cb1\" data-element_type=\"widget\" data-widget_type=\"image.default\">\n\t\t\t\t<div class=\"elementor-widget-container\">\n\t\t\t\t\t\t\t\t\t\t\t\t\t\t\t<img fetchpriority=\"high\" decoding=\"async\" width=\"300\" height=\"300\" src=\"http:\/\/ar-entertainment.net\/wp\/wp-content\/uploads\/2023\/07\/CollegeMathsMasters-RoundedIcon-1-300x300.png\" class=\"attachment-medium size-medium wp-image-12010\" alt=\"\" srcset=\"http:\/\/ar-entertainment.net\/wp\/wp-content\/uploads\/2023\/07\/CollegeMathsMasters-RoundedIcon-1-300x300.png 300w, http:\/\/ar-entertainment.net\/wp\/wp-content\/uploads\/2023\/07\/CollegeMathsMasters-RoundedIcon-1.png 1024w, http:\/\/ar-entertainment.net\/wp\/wp-content\/uploads\/2023\/07\/CollegeMathsMasters-RoundedIcon-1-150x150.png 150w, http:\/\/ar-entertainment.net\/wp\/wp-content\/uploads\/2023\/07\/CollegeMathsMasters-RoundedIcon-1-768x768.png 768w, http:\/\/ar-entertainment.net\/wp\/wp-content\/uploads\/2023\/07\/CollegeMathsMasters-RoundedIcon-1-512x512.png 512w, http:\/\/ar-entertainment.net\/wp\/wp-content\/uploads\/2023\/07\/CollegeMathsMasters-RoundedIcon-1-915x915.png 915w, http:\/\/ar-entertainment.net\/wp\/wp-content\/uploads\/2023\/07\/CollegeMathsMasters-RoundedIcon-1-600x600.png 600w, http:\/\/ar-entertainment.net\/wp\/wp-content\/uploads\/2023\/07\/CollegeMathsMasters-RoundedIcon-1-393x393.png 393w, http:\/\/ar-entertainment.net\/wp\/wp-content\/uploads\/2023\/07\/CollegeMathsMasters-RoundedIcon-1-290x290.png 290w, http:\/\/ar-entertainment.net\/wp\/wp-content\/uploads\/2023\/07\/CollegeMathsMasters-RoundedIcon-1-100x100.png 100w\" sizes=\"(max-width: 300px) 100vw, 300px\" \/>\t\t\t\t\t\t\t\t\t\t\t\t\t\t\t<\/div>\n\t\t\t\t<\/div>\n\t\t\t\t\t<\/div>\n\t\t<\/div>\n\t\t\t\t\t\t\t<\/div>\n\t\t<\/section>\n\t\t\t\t<section class=\"elementor-section elementor-top-section elementor-element elementor-element-4e74648 elementor-section-boxed elementor-section-height-default elementor-section-height-default\" data-id=\"4e74648\" data-element_type=\"section\">\n\t\t\t\t\t\t<div class=\"elementor-container elementor-column-gap-default\">\n\t\t\t\t\t<div class=\"elementor-column elementor-col-100 elementor-top-column elementor-element elementor-element-64e638a\" data-id=\"64e638a\" data-element_type=\"column\">\n\t\t\t<div class=\"elementor-widget-wrap elementor-element-populated\">\n\t\t\t\t\t\t\t\t<div class=\"elementor-element elementor-element-6952c0c elementor-widget elementor-widget-heading\" data-id=\"6952c0c\" data-element_type=\"widget\" data-widget_type=\"heading.default\">\n\t\t\t\t<div class=\"elementor-widget-container\">\n\t\t\t<h2 class=\"elementor-heading-title elementor-size-default\">Coll\u00e8ge Maths Masters<\/h2>\t\t<\/div>\n\t\t\t\t<\/div>\n\t\t\t\t\t<\/div>\n\t\t<\/div>\n\t\t\t\t\t\t\t<\/div>\n\t\t<\/section>\n\t\t\t\t<section class=\"elementor-section elementor-top-section elementor-element elementor-element-5bfef19 elementor-section-boxed elementor-section-height-default elementor-section-height-default\" data-id=\"5bfef19\" data-element_type=\"section\">\n\t\t\t\t\t\t<div class=\"elementor-container elementor-column-gap-default\">\n\t\t\t\t\t<div class=\"elementor-column elementor-col-100 elementor-top-column elementor-element elementor-element-479de3e\" data-id=\"479de3e\" data-element_type=\"column\">\n\t\t\t<div class=\"elementor-widget-wrap elementor-element-populated\">\n\t\t\t\t\t\t\t\t<div class=\"elementor-element elementor-element-4208653 elementor-widget elementor-widget-image-carousel\" data-id=\"4208653\" data-element_type=\"widget\" data-settings=\"{&quot;slides_to_scroll&quot;:&quot;1&quot;,&quot;navigation&quot;:&quot;none&quot;,&quot;autoplay&quot;:&quot;yes&quot;,&quot;pause_on_hover&quot;:&quot;yes&quot;,&quot;pause_on_interaction&quot;:&quot;yes&quot;,&quot;autoplay_speed&quot;:5000,&quot;infinite&quot;:&quot;yes&quot;,&quot;speed&quot;:500,&quot;image_spacing_custom&quot;:{&quot;unit&quot;:&quot;px&quot;,&quot;size&quot;:20,&quot;sizes&quot;:[]},&quot;image_spacing_custom_tablet&quot;:{&quot;unit&quot;:&quot;px&quot;,&quot;size&quot;:&quot;&quot;,&quot;sizes&quot;:[]},&quot;image_spacing_custom_mobile&quot;:{&quot;unit&quot;:&quot;px&quot;,&quot;size&quot;:&quot;&quot;,&quot;sizes&quot;:[]}}\" data-widget_type=\"image-carousel.default\">\n\t\t\t\t<div class=\"elementor-widget-container\">\n\t\t\t\t\t<div class=\"elementor-image-carousel-wrapper swiper-container\" dir=\"ltr\">\n\t\t\t<div class=\"elementor-image-carousel swiper-wrapper\" aria-live=\"off\">\n\t\t\t\t\t\t\t\t<div class=\"swiper-slide\" role=\"group\" aria-roledescription=\"slide\" aria-label=\"1 of 7\"><figure class=\"swiper-slide-inner\"><img decoding=\"async\" class=\"swiper-slide-image\" src=\"http:\/\/ar-entertainment.net\/wp\/wp-content\/uploads\/2023\/07\/intro-01-1-scaled.jpg\" alt=\"intro 01\" \/><\/figure><\/div><div class=\"swiper-slide\" role=\"group\" aria-roledescription=\"slide\" aria-label=\"2 of 7\"><figure class=\"swiper-slide-inner\"><img decoding=\"async\" class=\"swiper-slide-image\" src=\"http:\/\/ar-entertainment.net\/wp\/wp-content\/uploads\/2023\/07\/intro-02-1-scaled.jpg\" alt=\"intro 02\" \/><\/figure><\/div><div class=\"swiper-slide\" role=\"group\" aria-roledescription=\"slide\" aria-label=\"3 of 7\"><figure class=\"swiper-slide-inner\"><img decoding=\"async\" class=\"swiper-slide-image\" src=\"http:\/\/ar-entertainment.net\/wp\/wp-content\/uploads\/2023\/07\/intro-03-scaled.jpg\" alt=\"intro 03\" \/><\/figure><\/div><div class=\"swiper-slide\" role=\"group\" aria-roledescription=\"slide\" aria-label=\"4 of 7\"><figure class=\"swiper-slide-inner\"><img decoding=\"async\" class=\"swiper-slide-image\" src=\"http:\/\/ar-entertainment.net\/wp\/wp-content\/uploads\/2023\/07\/intro-04-scaled.jpg\" alt=\"intro 04\" \/><\/figure><\/div><div class=\"swiper-slide\" role=\"group\" aria-roledescription=\"slide\" aria-label=\"5 of 7\"><figure class=\"swiper-slide-inner\"><img decoding=\"async\" class=\"swiper-slide-image\" src=\"http:\/\/ar-entertainment.net\/wp\/wp-content\/uploads\/2023\/07\/intro-05-scaled.jpg\" alt=\"intro 05\" \/><\/figure><\/div><div class=\"swiper-slide\" role=\"group\" aria-roledescription=\"slide\" aria-label=\"6 of 7\"><figure class=\"swiper-slide-inner\"><img decoding=\"async\" class=\"swiper-slide-image\" src=\"http:\/\/ar-entertainment.net\/wp\/wp-content\/uploads\/2023\/07\/intro-06-scaled.jpg\" alt=\"intro 06\" \/><\/figure><\/div><div class=\"swiper-slide\" role=\"group\" aria-roledescription=\"slide\" aria-label=\"7 of 7\"><figure class=\"swiper-slide-inner\"><img decoding=\"async\" class=\"swiper-slide-image\" src=\"http:\/\/ar-entertainment.net\/wp\/wp-content\/uploads\/2023\/07\/intro-07-scaled.jpg\" alt=\"intro 07\" \/><\/figure><\/div>\t\t\t<\/div>\n\t\t\t\t\t\t\t\n\t\t\t\t\t\t\t\t\t<\/div>\n\t\t\t\t<\/div>\n\t\t\t\t<\/div>\n\t\t\t\t\t<\/div>\n\t\t<\/div>\n\t\t\t\t\t\t\t<\/div>\n\t\t<\/section>\n\t\t\t\t<section class=\"elementor-section elementor-top-section elementor-element elementor-element-5c774b0 elementor-section-boxed elementor-section-height-default elementor-section-height-default\" data-id=\"5c774b0\" data-element_type=\"section\">\n\t\t\t\t\t\t<div class=\"elementor-container elementor-column-gap-default\">\n\t\t\t\t\t<div class=\"elementor-column elementor-col-100 elementor-top-column elementor-element elementor-element-7fcd4f86\" data-id=\"7fcd4f86\" data-element_type=\"column\">\n\t\t\t<div class=\"elementor-widget-wrap elementor-element-populated\">\n\t\t\t\t\t\t\t\t<div class=\"elementor-element elementor-element-692fa529 elementor-widget elementor-widget-text-editor\" data-id=\"692fa529\" data-element_type=\"widget\" data-widget_type=\"text-editor.default\">\n\t\t\t\t<div class=\"elementor-widget-container\">\n\t\t\t\t\t\t\t<p dir=\"ltr\" data-test-bidi=\"\">Coll\u00e8ge Maths Masters est un formidable outil d&#8217;apprentissage et de r\u00e9visions pour les enfants et de suivi des progr\u00e8s pour les parents.<\/p><div dir=\"ltr\">Le but de notre application &#8216;Coll\u00e8ge Maths Masters&#8217; est de fournir aux parents un outil simple, intuitif (pour vous et pour vos enfants) et complet pour faire travailler vos enfants dans la bonne humeur (de le 6\u00e8me \u00e0 la 3\u00e8me en passant par la 5\u00e8me et la 4\u00e8me) et de pouvoir suivre leurs progr\u00e8s.<\/div><div dir=\"ltr\">\u00a0<\/div><div dir=\"ltr\">Tous les exercices se pr\u00e9sentent sous forme de quiz, avec entre 3 et 6 r\u00e9ponses propos\u00e9es \u00e0 chaque question.<\/div><div dir=\"ltr\">\u00a0<\/div><div dir=\"ltr\">Pour motiver les enfants \u00e0 (bien) travailler, un syst\u00e8me d&#8217;\u00e9toiles et de troph\u00e9es \u00e0 gagner a \u00e9t\u00e9 mis en place : plus l&#8217;enfant donne de bonnes r\u00e9ponses, plus il gagne d&#8217;\u00e9toiles et de troph\u00e9es.\u00a0<\/div><div dir=\"ltr\">\u00a0<\/div><div dir=\"ltr\">Tous les jours, le professeur donne 4 exercices \u00e0 faire \u00e0 votre enfant. Ces exercices ne sont pas choisis au hasard ! En effet le professeur prend en compte les th\u00e8mes que vous avez s\u00e9lectionn\u00e9s pour votre enfant afin qu&#8217;il travaille l\u00e0 o\u00f9 il en a le plus besoin. Le programme des exercices est adapt\u00e9 au niveau de l&#8217;enfant et est donc personnalis\u00e9.<\/div><div dir=\"ltr\">\u00a0<\/div><div dir=\"ltr\">La &#8216;zone parents&#8217; permet (aux adultes, ne donnez pas votre code !!!) de g\u00e9rer les profils des enfants qui utilisent l&#8217;application et d&#8217;assigner des devoirs \u00e0 vos enfants (ils vont vous adorer&#8230;)<\/div><div dir=\"ltr\">\u00a0<\/div><div dir=\"ltr\">Dans cette partie de l&#8217;application, vous pouvez :<\/div><div dir=\"ltr\">\u00a0<\/div><div dir=\"ltr\">&#8211; cr\u00e9er autant de profils enfants que vous voulez<\/div><div dir=\"ltr\">&#8211; assigner des devoirs \u00e0 vos enfants<\/div><div dir=\"ltr\">&#8211; suivre l&#8217;\u00e9volution de leurs r\u00e9sultats<\/div><div dir=\"ltr\">&#8211; effacer les profils<\/div><div dir=\"ltr\">\u00a0<\/div><div dir=\"ltr\">Gr\u00e2ce \u00e0 la partie &#8216;assignation de devoirs&#8217; vous pouvez assigner des exercices sp\u00e9cifiques \u00e0 vos enfants pour qu&#8217;ils travaillent un point particulier du programme. Des devoirs tous faits sont aussi disponibles, ces devoirs se d\u00e9roulent sur plusieurs jours (4 exercices par jour \u00e0 faire) et font travailler les enfants sur des points pr\u00e9cis ou abordent divers sujets pour r\u00e9viser pendant les vacances par exemple.<\/div><div dir=\"ltr\">\u00a0<\/div><div dir=\"ltr\">Quand vous s\u00e9lectionnez une classe pour un enfant, il vous est demand\u00e9 de choisir 3 th\u00e8mes sur lesquels vous voulez que votre enfant progresse.<\/div><div dir=\"ltr\">\u00a0<\/div><div dir=\"ltr\">Ainsi, chaque jour le professeur assignera 4 exercices \u00e0 votre enfant en se basant sur les th\u00e8mes s\u00e9lectionn\u00e9s pour le faire travailler efficacement.<\/div><div dir=\"ltr\">\u00a0<\/div><div dir=\"ltr\">Nous proposons 3 formules d&#8217;abonnement : \u00e0 la semaine, au mois et \u00e0 l&#8217;ann\u00e9e.<\/div><div dir=\"ltr\">\u00a0<\/div><div dir=\"ltr\">Dans tous les cas, l&#8217;abonnement commence par une p\u00e9riode gratuite de 7 jours, p\u00e9riode pendant laquelle vous pouvez acc\u00e9der \u00e0 toute l&#8217;application, et p\u00e9riode pendant laquelle vous pouvez r\u00e9silier l&#8217;abonnement sans aucun frais.<\/div><div dir=\"ltr\">\u00a0<\/div><div dir=\"ltr\">Dans tous les cas, vous pouvez r\u00e9silier votre abonnement \u00e0 tout moment, vous pourrez alors utiliser l&#8217;application jusqu&#8217;\u00e0 la fin de votre \u00e9ch\u00e9ance en cours.<\/div><div dir=\"ltr\">\u00a0<\/div><div dir=\"ltr\">Important (voire tr\u00e8s important) : Notre priorit\u00e9 est le respect total de votre confidentialit\u00e9.<\/div><div dir=\"ltr\">\u00a0<\/div><div dir=\"ltr\">Les r\u00e9sultats de vos enfants sont stock\u00e9s dans l&#8217;application et nulle part ailleurs.<\/div><div dir=\"ltr\">\u00a0<\/div><div dir=\"ltr\">Aucune donn\u00e9e ne sort de l&#8217;application, rien n&#8217;est jamais envoy\u00e9 en dehors, nous n&#8217;avons pas de serveurs de toute fa\u00e7on !!!<\/div><div dir=\"ltr\">\u00a0\u00a0<\/div><div dir=\"ltr\">L&#8217;application est disponible sur iPhone et iPad !<\/div><div dir=\"ltr\">\u00a0<\/div><div dir=\"ltr\">R\u00e9visez-bien \ud83d\ude42<\/div><div dir=\"ltr\">\u00a0<\/div>\t\t\t\t\t\t<\/div>\n\t\t\t\t<\/div>\n\t\t\t\t<div class=\"elementor-element elementor-element-d45ce4f elementor-widget elementor-widget-text-editor\" data-id=\"d45ce4f\" data-element_type=\"widget\" data-widget_type=\"text-editor.default\">\n\t\t\t\t<div class=\"elementor-widget-container\">\n\t\t\t\t\t\t\t<a href=\"https:\/\/apps.apple.com\/fr\/app\/coll\u00e8ge-maths-masters\/id6443845959\"><img decoding=\"async\" class=\"aligncenter\" src=\"http:\/\/ar-entertainment.net\/wp\/wp-content\/uploads\/2018\/10\/global-appstore-2-300x89.png\" alt=\"\" width=\"300\" height=\"89\" \/><\/a>\t\t\t\t\t\t<\/div>\n\t\t\t\t<\/div>\n\t\t\t\t<div class=\"elementor-element elementor-element-db40955 elementor-widget elementor-widget-text-editor\" data-id=\"db40955\" data-element_type=\"widget\" data-widget_type=\"text-editor.default\">\n\t\t\t\t<div class=\"elementor-widget-container\">\n\t\t\t\t\t\t\t\t\t\t\t\t\t<\/div>\n\t\t\t\t<\/div>\n\t\t\t\t\t<\/div>\n\t\t<\/div>\n\t\t\t\t\t\t\t<\/div>\n\t\t<\/section>\n\t\t\t\t\t\t\t<\/div>\n\t\t","protected":false},"excerpt":{"rendered":"<p>Coll\u00e8ge Maths Masters Coll\u00e8ge Maths Masters est un formidable outil d&#8217;apprentissage et de r\u00e9visions pour les enfants et de suivi des progr\u00e8s pour les parents. Le but de notre application &#8216;Coll\u00e8ge Maths Masters&#8217; est de fournir aux parents un outil simple, intuitif (pour vous et pour vos enfants) et complet pour faire travailler vos enfants [&hellip;]<\/p>\n","protected":false},"featured_media":12009,"template":"elementor_header_footer","meta":{"_exactmetrics_skip_tracking":false,"_exactmetrics_sitenote_active":false,"_exactmetrics_sitenote_note":"","_exactmetrics_sitenote_category":0},"product_cat":[129,246,151],"product_tag":[],"_links":{"self":[{"href":"http:\/\/ar-entertainment.net\/wp\/wp-json\/wp\/v2\/product\/12005"}],"collection":[{"href":"http:\/\/ar-entertainment.net\/wp\/wp-json\/wp\/v2\/product"}],"about":[{"href":"http:\/\/ar-entertainment.net\/wp\/wp-json\/wp\/v2\/types\/product"}],"version-history":[{"count":5,"href":"http:\/\/ar-entertainment.net\/wp\/wp-json\/wp\/v2\/product\/12005\/revisions"}],"predecessor-version":[{"id":12023,"href":"http:\/\/ar-entertainment.net\/wp\/wp-json\/wp\/v2\/product\/12005\/revisions\/12023"}],"wp:featuredmedia":[{"embeddable":true,"href":"http:\/\/ar-entertainment.net\/wp\/wp-json\/wp\/v2\/media\/12009"}],"wp:attachment":[{"href":"http:\/\/ar-entertainment.net\/wp\/wp-json\/wp\/v2\/media?parent=12005"}],"wp:term":[{"taxonomy":"product_cat","embeddable":true,"href":"http:\/\/ar-entertainment.net\/wp\/wp-json\/wp\/v2\/product_cat?post=12005"},{"taxonomy":"product_tag","embeddable":true,"href":"http:\/\/ar-entertainment.net\/wp\/wp-json\/wp\/v2\/product_tag?post=12005"}],"curies":[{"name":"wp","href":"https:\/\/api.w.org\/{rel}","templated":true}]}}