{"id":10985,"date":"2019-02-20T14:42:10","date_gmt":"2019-02-20T14:42:10","guid":{"rendered":"http:\/\/ar-entertainment.net\/wp\/?post_type=product&#038;p=10985"},"modified":"2019-02-20T14:43:43","modified_gmt":"2019-02-20T14:43:43","slug":"mimi-2-juego-de-observacion","status":"publish","type":"product","link":"http:\/\/ar-entertainment.net\/wp\/app\/mimi-2-juego-de-observacion\/","title":{"rendered":"Mimi 2: Juego de observaci\u00f3n"},"content":{"rendered":"\t\t<div data-elementor-type=\"wp-post\" data-elementor-id=\"10985\" class=\"elementor elementor-10985 elementor-bc-flex-widget\">\n\t\t\t\t\t\t\t\t\t<section class=\"elementor-section elementor-top-section elementor-element elementor-element-783c77c elementor-section-boxed elementor-section-height-default elementor-section-height-default\" data-id=\"783c77c\" data-element_type=\"section\">\n\t\t\t\t\t\t<div class=\"elementor-container elementor-column-gap-default\">\n\t\t\t\t\t<div class=\"elementor-column elementor-col-100 elementor-top-column elementor-element elementor-element-e4e9e78\" data-id=\"e4e9e78\" data-element_type=\"column\">\n\t\t\t<div class=\"elementor-widget-wrap elementor-element-populated\">\n\t\t\t\t\t\t\t\t<div class=\"elementor-element elementor-element-2ef9cb1 elementor-widget elementor-widget-image\" data-id=\"2ef9cb1\" data-element_type=\"widget\" data-widget_type=\"image.default\">\n\t\t\t\t<div class=\"elementor-widget-container\">\n\t\t\t\t\t\t\t\t\t\t\t\t\t\t\t<img fetchpriority=\"high\" decoding=\"async\" width=\"300\" height=\"300\" src=\"http:\/\/ar-entertainment.net\/wp\/wp-content\/uploads\/2018\/11\/Mimi2-RoundedIcon-300x300.png\" class=\"attachment-medium size-medium wp-image-8198\" alt=\"\" srcset=\"http:\/\/ar-entertainment.net\/wp\/wp-content\/uploads\/2018\/11\/Mimi2-RoundedIcon-300x300.png 300w, http:\/\/ar-entertainment.net\/wp\/wp-content\/uploads\/2018\/11\/Mimi2-RoundedIcon-150x150.png 150w, http:\/\/ar-entertainment.net\/wp\/wp-content\/uploads\/2018\/11\/Mimi2-RoundedIcon-768x768.png 768w, http:\/\/ar-entertainment.net\/wp\/wp-content\/uploads\/2018\/11\/Mimi2-RoundedIcon-512x512.png 512w, http:\/\/ar-entertainment.net\/wp\/wp-content\/uploads\/2018\/11\/Mimi2-RoundedIcon-915x915.png 915w, http:\/\/ar-entertainment.net\/wp\/wp-content\/uploads\/2018\/11\/Mimi2-RoundedIcon-600x600.png 600w, http:\/\/ar-entertainment.net\/wp\/wp-content\/uploads\/2018\/11\/Mimi2-RoundedIcon-393x393.png 393w, http:\/\/ar-entertainment.net\/wp\/wp-content\/uploads\/2018\/11\/Mimi2-RoundedIcon-290x290.png 290w, http:\/\/ar-entertainment.net\/wp\/wp-content\/uploads\/2018\/11\/Mimi2-RoundedIcon-100x100.png 100w, http:\/\/ar-entertainment.net\/wp\/wp-content\/uploads\/2018\/11\/Mimi2-RoundedIcon.png 1024w\" sizes=\"(max-width: 300px) 100vw, 300px\" \/>\t\t\t\t\t\t\t\t\t\t\t\t\t\t\t<\/div>\n\t\t\t\t<\/div>\n\t\t\t\t\t<\/div>\n\t\t<\/div>\n\t\t\t\t\t\t\t<\/div>\n\t\t<\/section>\n\t\t\t\t<section class=\"elementor-section elementor-top-section elementor-element elementor-element-4e74648 elementor-section-boxed elementor-section-height-default elementor-section-height-default\" data-id=\"4e74648\" data-element_type=\"section\">\n\t\t\t\t\t\t<div class=\"elementor-container elementor-column-gap-default\">\n\t\t\t\t\t<div class=\"elementor-column elementor-col-100 elementor-top-column elementor-element elementor-element-64e638a\" data-id=\"64e638a\" data-element_type=\"column\">\n\t\t\t<div class=\"elementor-widget-wrap elementor-element-populated\">\n\t\t\t\t\t\t\t\t<div class=\"elementor-element elementor-element-6952c0c elementor-widget elementor-widget-heading\" data-id=\"6952c0c\" data-element_type=\"widget\" data-widget_type=\"heading.default\">\n\t\t\t\t<div class=\"elementor-widget-container\">\n\t\t\t<h2 class=\"elementor-heading-title elementor-size-default\">Mimi 2: Juego de observaci\u00f3n<\/h2>\t\t<\/div>\n\t\t\t\t<\/div>\n\t\t\t\t\t<\/div>\n\t\t<\/div>\n\t\t\t\t\t\t\t<\/div>\n\t\t<\/section>\n\t\t\t\t<section class=\"elementor-section elementor-top-section elementor-element elementor-element-5bfef19 elementor-section-boxed elementor-section-height-default elementor-section-height-default\" data-id=\"5bfef19\" data-element_type=\"section\">\n\t\t\t\t\t\t<div class=\"elementor-container elementor-column-gap-default\">\n\t\t\t\t\t<div class=\"elementor-column elementor-col-100 elementor-top-column elementor-element elementor-element-479de3e\" data-id=\"479de3e\" data-element_type=\"column\">\n\t\t\t<div class=\"elementor-widget-wrap elementor-element-populated\">\n\t\t\t\t\t\t\t\t<div class=\"elementor-element elementor-element-4208653 elementor-widget elementor-widget-image-carousel\" data-id=\"4208653\" data-element_type=\"widget\" data-settings=\"{&quot;slides_to_scroll&quot;:&quot;1&quot;,&quot;navigation&quot;:&quot;none&quot;,&quot;autoplay&quot;:&quot;yes&quot;,&quot;pause_on_hover&quot;:&quot;yes&quot;,&quot;pause_on_interaction&quot;:&quot;yes&quot;,&quot;autoplay_speed&quot;:5000,&quot;infinite&quot;:&quot;yes&quot;,&quot;speed&quot;:500,&quot;image_spacing_custom&quot;:{&quot;unit&quot;:&quot;px&quot;,&quot;size&quot;:20,&quot;sizes&quot;:[]},&quot;image_spacing_custom_tablet&quot;:{&quot;unit&quot;:&quot;px&quot;,&quot;size&quot;:&quot;&quot;,&quot;sizes&quot;:[]},&quot;image_spacing_custom_mobile&quot;:{&quot;unit&quot;:&quot;px&quot;,&quot;size&quot;:&quot;&quot;,&quot;sizes&quot;:[]}}\" data-widget_type=\"image-carousel.default\">\n\t\t\t\t<div class=\"elementor-widget-container\">\n\t\t\t\t\t<div class=\"elementor-image-carousel-wrapper swiper-container\" dir=\"ltr\">\n\t\t\t<div class=\"elementor-image-carousel swiper-wrapper\" aria-live=\"off\">\n\t\t\t\t\t\t\t\t<div class=\"swiper-slide\" role=\"group\" aria-roledescription=\"slide\" aria-label=\"1 of 5\"><figure class=\"swiper-slide-inner\"><img decoding=\"async\" class=\"swiper-slide-image\" src=\"http:\/\/ar-entertainment.net\/wp\/wp-content\/uploads\/2019\/02\/ipad1_es-0-1.jpg\" alt=\"ipad1_es-0\" \/><\/figure><\/div><div class=\"swiper-slide\" role=\"group\" aria-roledescription=\"slide\" aria-label=\"2 of 5\"><figure class=\"swiper-slide-inner\"><img decoding=\"async\" class=\"swiper-slide-image\" src=\"http:\/\/ar-entertainment.net\/wp\/wp-content\/uploads\/2019\/02\/ipad4_es-0.jpg\" alt=\"ipad4_es-0\" \/><\/figure><\/div><div class=\"swiper-slide\" role=\"group\" aria-roledescription=\"slide\" aria-label=\"3 of 5\"><figure class=\"swiper-slide-inner\"><img decoding=\"async\" class=\"swiper-slide-image\" src=\"http:\/\/ar-entertainment.net\/wp\/wp-content\/uploads\/2019\/02\/ipad5_es-0.jpg\" alt=\"ipad5_es-0\" \/><\/figure><\/div><div class=\"swiper-slide\" role=\"group\" aria-roledescription=\"slide\" aria-label=\"4 of 5\"><figure class=\"swiper-slide-inner\"><img decoding=\"async\" class=\"swiper-slide-image\" src=\"http:\/\/ar-entertainment.net\/wp\/wp-content\/uploads\/2018\/11\/ipad3-0.jpg\" alt=\"ipad3-0\" \/><\/figure><\/div><div class=\"swiper-slide\" role=\"group\" aria-roledescription=\"slide\" aria-label=\"5 of 5\"><figure class=\"swiper-slide-inner\"><img decoding=\"async\" class=\"swiper-slide-image\" src=\"http:\/\/ar-entertainment.net\/wp\/wp-content\/uploads\/2018\/11\/ipad2-0.jpg\" alt=\"ipad2-0\" \/><\/figure><\/div>\t\t\t<\/div>\n\t\t\t\t\t\t\t\n\t\t\t\t\t\t\t\t\t<\/div>\n\t\t\t\t<\/div>\n\t\t\t\t<\/div>\n\t\t\t\t\t<\/div>\n\t\t<\/div>\n\t\t\t\t\t\t\t<\/div>\n\t\t<\/section>\n\t\t\t\t<section class=\"elementor-section elementor-top-section elementor-element elementor-element-5c774b0 elementor-section-boxed elementor-section-height-default elementor-section-height-default\" data-id=\"5c774b0\" data-element_type=\"section\">\n\t\t\t\t\t\t<div class=\"elementor-container elementor-column-gap-default\">\n\t\t\t\t\t<div class=\"elementor-column elementor-col-100 elementor-top-column elementor-element elementor-element-7fcd4f86\" data-id=\"7fcd4f86\" data-element_type=\"column\">\n\t\t\t<div class=\"elementor-widget-wrap elementor-element-populated\">\n\t\t\t\t\t\t\t\t<div class=\"elementor-element elementor-element-692fa529 elementor-widget elementor-widget-text-editor\" data-id=\"692fa529\" data-element_type=\"widget\" data-widget_type=\"text-editor.default\">\n\t\t\t\t<div class=\"elementor-widget-container\">\n\t\t\t\t\t\t\t<p>Pl\u00e1tanos, naranjas, cerezas, kiwis, manzanas, limones&#8230; ayuda a MIMI a preparar sus ensaladas de<br \/>frutas&#8230;re\u00fane 3 frutas id\u00e9nticas y gana puntos para acceder al nivel superior&#8230;<br \/><br \/>MIMI tambi\u00e9n le gusta preparar ensaladas de n\u00fameros y letras&#8230;<br \/><br \/>2 juegos te esperan (incluyendo un clon de Zookeeper)&#8230; a jugar&#8230; para los peque\u00f1os y los mayores.<\/p><p><a href=\"https:\/\/itunes.apple.com\/es\/app\/id444083379?mt=8\"><img decoding=\"async\" class=\"aligncenter\" src=\"http:\/\/ar-entertainment.net\/wp\/wp-content\/uploads\/2018\/10\/global-appstore-2-300x89.png\" alt=\"\" width=\"300\" height=\"89\" \/><\/a><\/p>\t\t\t\t\t\t<\/div>\n\t\t\t\t<\/div>\n\t\t\t\t<div class=\"elementor-element elementor-element-49bca6e elementor-widget elementor-widget-text-editor\" data-id=\"49bca6e\" data-element_type=\"widget\" data-widget_type=\"text-editor.default\">\n\t\t\t\t<div class=\"elementor-widget-container\">\n\t\t\t\t\t\t\t\t\t\t\t\t\t<\/div>\n\t\t\t\t<\/div>\n\t\t\t\t\t<\/div>\n\t\t<\/div>\n\t\t\t\t\t\t\t<\/div>\n\t\t<\/section>\n\t\t\t\t\t\t\t<\/div>\n\t\t","protected":false},"excerpt":{"rendered":"<p>Mimi 2: Juego de observaci\u00f3n Pl\u00e1tanos, naranjas, cerezas, kiwis, manzanas, limones&#8230; ayuda a MIMI a preparar sus ensaladas defrutas&#8230;re\u00fane 3 frutas id\u00e9nticas y gana puntos para acceder al nivel superior&#8230; MIMI tambi\u00e9n le gusta preparar ensaladas de n\u00fameros y letras&#8230; 2 juegos te esperan (incluyendo un clon de Zookeeper)&#8230; a jugar&#8230; para los peque\u00f1os y [&hellip;]<\/p>\n","protected":false},"featured_media":8198,"template":"elementor_header_footer","meta":{"_exactmetrics_skip_tracking":false,"_exactmetrics_sitenote_active":false,"_exactmetrics_sitenote_note":"","_exactmetrics_sitenote_category":0},"product_cat":[350,290,344],"product_tag":[],"_links":{"self":[{"href":"http:\/\/ar-entertainment.net\/wp\/wp-json\/wp\/v2\/product\/10985"}],"collection":[{"href":"http:\/\/ar-entertainment.net\/wp\/wp-json\/wp\/v2\/product"}],"about":[{"href":"http:\/\/ar-entertainment.net\/wp\/wp-json\/wp\/v2\/types\/product"}],"version-history":[{"count":2,"href":"http:\/\/ar-entertainment.net\/wp\/wp-json\/wp\/v2\/product\/10985\/revisions"}],"predecessor-version":[{"id":10990,"href":"http:\/\/ar-entertainment.net\/wp\/wp-json\/wp\/v2\/product\/10985\/revisions\/10990"}],"wp:featuredmedia":[{"embeddable":true,"href":"http:\/\/ar-entertainment.net\/wp\/wp-json\/wp\/v2\/media\/8198"}],"wp:attachment":[{"href":"http:\/\/ar-entertainment.net\/wp\/wp-json\/wp\/v2\/media?parent=10985"}],"wp:term":[{"taxonomy":"product_cat","embeddable":true,"href":"http:\/\/ar-entertainment.net\/wp\/wp-json\/wp\/v2\/product_cat?post=10985"},{"taxonomy":"product_tag","embeddable":true,"href":"http:\/\/ar-entertainment.net\/wp\/wp-json\/wp\/v2\/product_tag?post=10985"}],"curies":[{"name":"wp","href":"https:\/\/api.w.org\/{rel}","templated":true}]}}