{"id":10894,"date":"2019-02-20T09:09:19","date_gmt":"2019-02-20T09:09:19","guid":{"rendered":"http:\/\/ar-entertainment.net\/wp\/?post_type=product&#038;p=10894"},"modified":"2019-02-20T09:10:25","modified_gmt":"2019-02-20T09:10:25","slug":"jardin-magico-con-letras-y-numeros","status":"publish","type":"product","link":"http:\/\/ar-entertainment.net\/wp\/app\/jardin-magico-con-letras-y-numeros\/","title":{"rendered":"Jard\u00edn M\u00e1gico con letras y n\u00fameros"},"content":{"rendered":"\t\t<div data-elementor-type=\"wp-post\" data-elementor-id=\"10894\" class=\"elementor elementor-10894 elementor-bc-flex-widget\">\n\t\t\t\t\t\t\t\t\t<section class=\"elementor-section elementor-top-section elementor-element elementor-element-017e5a4 elementor-section-boxed elementor-section-height-default elementor-section-height-default\" data-id=\"017e5a4\" data-element_type=\"section\">\n\t\t\t\t\t\t<div class=\"elementor-container elementor-column-gap-default\">\n\t\t\t\t\t<div class=\"elementor-column elementor-col-100 elementor-top-column elementor-element elementor-element-64ed32d\" data-id=\"64ed32d\" data-element_type=\"column\">\n\t\t\t<div class=\"elementor-widget-wrap elementor-element-populated\">\n\t\t\t\t\t\t\t\t<div class=\"elementor-element elementor-element-7af4882 elementor-widget elementor-widget-image\" data-id=\"7af4882\" data-element_type=\"widget\" data-widget_type=\"image.default\">\n\t\t\t\t<div class=\"elementor-widget-container\">\n\t\t\t\t\t\t\t\t\t\t\t\t\t\t\t<img fetchpriority=\"high\" decoding=\"async\" width=\"300\" height=\"300\" src=\"http:\/\/ar-entertainment.net\/wp\/wp-content\/uploads\/2018\/11\/MagicGarden-RoundedIcon-300x300.png\" class=\"attachment-medium size-medium wp-image-8958\" alt=\"\" srcset=\"http:\/\/ar-entertainment.net\/wp\/wp-content\/uploads\/2018\/11\/MagicGarden-RoundedIcon-300x300.png 300w, http:\/\/ar-entertainment.net\/wp\/wp-content\/uploads\/2018\/11\/MagicGarden-RoundedIcon-150x150.png 150w, http:\/\/ar-entertainment.net\/wp\/wp-content\/uploads\/2018\/11\/MagicGarden-RoundedIcon-768x768.png 768w, http:\/\/ar-entertainment.net\/wp\/wp-content\/uploads\/2018\/11\/MagicGarden-RoundedIcon-512x512.png 512w, http:\/\/ar-entertainment.net\/wp\/wp-content\/uploads\/2018\/11\/MagicGarden-RoundedIcon-915x915.png 915w, http:\/\/ar-entertainment.net\/wp\/wp-content\/uploads\/2018\/11\/MagicGarden-RoundedIcon-600x600.png 600w, http:\/\/ar-entertainment.net\/wp\/wp-content\/uploads\/2018\/11\/MagicGarden-RoundedIcon-393x393.png 393w, http:\/\/ar-entertainment.net\/wp\/wp-content\/uploads\/2018\/11\/MagicGarden-RoundedIcon-290x290.png 290w, http:\/\/ar-entertainment.net\/wp\/wp-content\/uploads\/2018\/11\/MagicGarden-RoundedIcon-100x100.png 100w, http:\/\/ar-entertainment.net\/wp\/wp-content\/uploads\/2018\/11\/MagicGarden-RoundedIcon.png 1024w\" sizes=\"(max-width: 300px) 100vw, 300px\" \/>\t\t\t\t\t\t\t\t\t\t\t\t\t\t\t<\/div>\n\t\t\t\t<\/div>\n\t\t\t\t\t<\/div>\n\t\t<\/div>\n\t\t\t\t\t\t\t<\/div>\n\t\t<\/section>\n\t\t\t\t<section class=\"elementor-section elementor-top-section elementor-element elementor-element-d8895ee elementor-section-boxed elementor-section-height-default elementor-section-height-default\" data-id=\"d8895ee\" data-element_type=\"section\">\n\t\t\t\t\t\t<div class=\"elementor-container elementor-column-gap-default\">\n\t\t\t\t\t<div class=\"elementor-column elementor-col-100 elementor-top-column elementor-element elementor-element-650fdaa\" data-id=\"650fdaa\" data-element_type=\"column\">\n\t\t\t<div class=\"elementor-widget-wrap elementor-element-populated\">\n\t\t\t\t\t\t\t\t<div class=\"elementor-element elementor-element-858327f elementor-widget elementor-widget-heading\" data-id=\"858327f\" data-element_type=\"widget\" data-widget_type=\"heading.default\">\n\t\t\t\t<div class=\"elementor-widget-container\">\n\t\t\t<h2 class=\"elementor-heading-title elementor-size-default\">Jard\u00edn M\u00e1gico con letras y n\u00fameros<\/h2>\t\t<\/div>\n\t\t\t\t<\/div>\n\t\t\t\t\t<\/div>\n\t\t<\/div>\n\t\t\t\t\t\t\t<\/div>\n\t\t<\/section>\n\t\t\t\t<section class=\"elementor-section elementor-top-section elementor-element elementor-element-5bfef19 elementor-section-boxed elementor-section-height-default elementor-section-height-default\" data-id=\"5bfef19\" data-element_type=\"section\">\n\t\t\t\t\t\t<div class=\"elementor-container elementor-column-gap-default\">\n\t\t\t\t\t<div class=\"elementor-column elementor-col-100 elementor-top-column elementor-element elementor-element-479de3e\" data-id=\"479de3e\" data-element_type=\"column\">\n\t\t\t<div class=\"elementor-widget-wrap elementor-element-populated\">\n\t\t\t\t\t\t\t\t<div class=\"elementor-element elementor-element-4208653 elementor-widget elementor-widget-image-carousel\" data-id=\"4208653\" data-element_type=\"widget\" data-settings=\"{&quot;slides_to_scroll&quot;:&quot;1&quot;,&quot;navigation&quot;:&quot;none&quot;,&quot;autoplay_speed&quot;:2000,&quot;autoplay&quot;:&quot;yes&quot;,&quot;pause_on_hover&quot;:&quot;yes&quot;,&quot;pause_on_interaction&quot;:&quot;yes&quot;,&quot;infinite&quot;:&quot;yes&quot;,&quot;speed&quot;:500,&quot;image_spacing_custom&quot;:{&quot;unit&quot;:&quot;px&quot;,&quot;size&quot;:20,&quot;sizes&quot;:[]},&quot;image_spacing_custom_tablet&quot;:{&quot;unit&quot;:&quot;px&quot;,&quot;size&quot;:&quot;&quot;,&quot;sizes&quot;:[]},&quot;image_spacing_custom_mobile&quot;:{&quot;unit&quot;:&quot;px&quot;,&quot;size&quot;:&quot;&quot;,&quot;sizes&quot;:[]}}\" data-widget_type=\"image-carousel.default\">\n\t\t\t\t<div class=\"elementor-widget-container\">\n\t\t\t\t\t<div class=\"elementor-image-carousel-wrapper swiper-container\" dir=\"ltr\">\n\t\t\t<div class=\"elementor-image-carousel swiper-wrapper\" aria-live=\"off\">\n\t\t\t\t\t\t\t\t<div class=\"swiper-slide\" role=\"group\" aria-roledescription=\"slide\" aria-label=\"1 of 5\"><figure class=\"swiper-slide-inner\"><img decoding=\"async\" class=\"swiper-slide-image\" src=\"http:\/\/ar-entertainment.net\/wp\/wp-content\/uploads\/2019\/02\/screenshot-ipad-es.jpg\" alt=\"screenshot ipad es\" \/><\/figure><\/div><div class=\"swiper-slide\" role=\"group\" aria-roledescription=\"slide\" aria-label=\"2 of 5\"><figure class=\"swiper-slide-inner\"><img decoding=\"async\" class=\"swiper-slide-image\" src=\"http:\/\/ar-entertainment.net\/wp\/wp-content\/uploads\/2018\/11\/ipad_02-4.jpg\" alt=\"ipad_02\" \/><\/figure><\/div><div class=\"swiper-slide\" role=\"group\" aria-roledescription=\"slide\" aria-label=\"3 of 5\"><figure class=\"swiper-slide-inner\"><img decoding=\"async\" class=\"swiper-slide-image\" src=\"http:\/\/ar-entertainment.net\/wp\/wp-content\/uploads\/2018\/11\/ipad_03-4.jpg\" alt=\"ipad_03\" \/><\/figure><\/div><div class=\"swiper-slide\" role=\"group\" aria-roledescription=\"slide\" aria-label=\"4 of 5\"><figure class=\"swiper-slide-inner\"><img decoding=\"async\" class=\"swiper-slide-image\" src=\"http:\/\/ar-entertainment.net\/wp\/wp-content\/uploads\/2018\/11\/ipad_04-4.jpg\" alt=\"ipad_04\" \/><\/figure><\/div><div class=\"swiper-slide\" role=\"group\" aria-roledescription=\"slide\" aria-label=\"5 of 5\"><figure class=\"swiper-slide-inner\"><img decoding=\"async\" class=\"swiper-slide-image\" src=\"http:\/\/ar-entertainment.net\/wp\/wp-content\/uploads\/2018\/11\/ipad_05-2.jpg\" alt=\"ipad_05\" \/><\/figure><\/div>\t\t\t<\/div>\n\t\t\t\t\t\t\t\n\t\t\t\t\t\t\t\t\t<\/div>\n\t\t\t\t<\/div>\n\t\t\t\t<\/div>\n\t\t\t\t\t<\/div>\n\t\t<\/div>\n\t\t\t\t\t\t\t<\/div>\n\t\t<\/section>\n\t\t\t\t<section class=\"elementor-section elementor-top-section elementor-element elementor-element-5c774b0 elementor-section-boxed elementor-section-height-default elementor-section-height-default\" data-id=\"5c774b0\" data-element_type=\"section\">\n\t\t\t\t\t\t<div class=\"elementor-container elementor-column-gap-default\">\n\t\t\t\t\t<div class=\"elementor-column elementor-col-100 elementor-top-column elementor-element elementor-element-7fcd4f86\" data-id=\"7fcd4f86\" data-element_type=\"column\">\n\t\t\t<div class=\"elementor-widget-wrap elementor-element-populated\">\n\t\t\t\t\t\t\t\t<div class=\"elementor-element elementor-element-692fa529 elementor-widget elementor-widget-text-editor\" data-id=\"692fa529\" data-element_type=\"widget\" data-widget_type=\"text-editor.default\">\n\t\t\t\t<div class=\"elementor-widget-container\">\n\t\t\t\t\t\t\t<p>Bienvenido al Jard\u00edn M\u00e1gico\u2026.<br \/>Ya es primavera, los capullos est\u00e1n listos para florecer\u2026 solo necesitan un poco de agua.<br \/><br \/>Con este juego de l\u00f3gica, sus hijos tendr\u00e1n que girar tuber\u00edas para poder llevar el agua a las flores y completar los 108 niveles.<br \/><br \/>En algunos niveles se sorprender\u00e1n al descubrir n\u00fameros y letras&#8230;<\/p>\t\t\t\t\t\t<\/div>\n\t\t\t\t<\/div>\n\t\t\t\t\t<\/div>\n\t\t<\/div>\n\t\t\t\t\t\t\t<\/div>\n\t\t<\/section>\n\t\t\t\t<section class=\"elementor-section elementor-top-section elementor-element elementor-element-87405b7 elementor-section-boxed elementor-section-height-default elementor-section-height-default\" data-id=\"87405b7\" data-element_type=\"section\">\n\t\t\t\t\t\t<div class=\"elementor-container elementor-column-gap-default\">\n\t\t\t\t\t<div class=\"elementor-column elementor-col-100 elementor-top-column elementor-element elementor-element-c15ea32\" data-id=\"c15ea32\" data-element_type=\"column\">\n\t\t\t<div class=\"elementor-widget-wrap elementor-element-populated\">\n\t\t\t\t\t\t\t\t<div class=\"elementor-element elementor-element-4a32704 elementor-widget elementor-widget-text-editor\" data-id=\"4a32704\" data-element_type=\"widget\" data-widget_type=\"text-editor.default\">\n\t\t\t\t<div class=\"elementor-widget-container\">\n\t\t\t\t\t\t\t<p style=\"text-align: center;\"><a style=\"background-color: #ffffff;\" href=\"https:\/\/itunes.apple.com\/es\/app\/id512901414?mt=8\"><img decoding=\"async\" class=\"aligncenter\" src=\"http:\/\/ar-entertainment.net\/wp\/wp-content\/uploads\/2018\/10\/global-appstore-2-300x89.png\" alt=\"\" width=\"300\" height=\"89\" \/><\/a><\/p><p><a href=\"https:\/\/play.google.com\/store\/apps\/details?id=com.arent.netgarden\"><img decoding=\"async\" class=\"aligncenter\" src=\"http:\/\/ar-entertainment.net\/wp\/wp-content\/uploads\/2018\/10\/global-playstore-2-300x88.png\" alt=\"\" width=\"300\" height=\"88\" \/><\/a><\/p><p><a href=\"https:\/\/www.amazon.com\/AR-Entertainment-net-Magic-Garden\/dp\/B008I1H8EY\"><img loading=\"lazy\" decoding=\"async\" class=\"aligncenter\" src=\"http:\/\/ar-entertainment.net\/wp\/wp-content\/uploads\/2018\/10\/global-amazon-2-300x90.jpg\" alt=\"\" width=\"300\" height=\"90\" \/><\/a><\/p>\t\t\t\t\t\t<\/div>\n\t\t\t\t<\/div>\n\t\t\t\t\t<\/div>\n\t\t<\/div>\n\t\t\t\t\t\t\t<\/div>\n\t\t<\/section>\n\t\t\t\t<section class=\"elementor-section elementor-top-section elementor-element elementor-element-88debd7 elementor-section-boxed elementor-section-height-default elementor-section-height-default\" data-id=\"88debd7\" data-element_type=\"section\">\n\t\t\t\t\t\t<div class=\"elementor-container elementor-column-gap-default\">\n\t\t\t\t\t<div class=\"elementor-column elementor-col-100 elementor-top-column elementor-element elementor-element-8db44e7\" data-id=\"8db44e7\" data-element_type=\"column\">\n\t\t\t<div class=\"elementor-widget-wrap elementor-element-populated\">\n\t\t\t\t\t\t\t\t<div class=\"elementor-element elementor-element-d98dc87 elementor-widget elementor-widget-video\" data-id=\"d98dc87\" data-element_type=\"widget\" data-settings=\"{&quot;youtube_url&quot;:&quot;https:\\\/\\\/www.youtube.com\\\/watch?v=-qXvedTe_c8&quot;,&quot;video_type&quot;:&quot;youtube&quot;,&quot;controls&quot;:&quot;yes&quot;}\" data-widget_type=\"video.default\">\n\t\t\t\t<div class=\"elementor-widget-container\">\n\t\t\t\t\t<div class=\"elementor-wrapper elementor-open-inline\">\n\t\t\t<div class=\"elementor-video\"><\/div>\t\t<\/div>\n\t\t\t\t<\/div>\n\t\t\t\t<\/div>\n\t\t\t\t\t<\/div>\n\t\t<\/div>\n\t\t\t\t\t\t\t<\/div>\n\t\t<\/section>\n\t\t\t\t\t\t\t<\/div>\n\t\t","protected":false},"excerpt":{"rendered":"<p>Jard\u00edn M\u00e1gico con letras y n\u00fameros Bienvenido al Jard\u00edn M\u00e1gico\u2026.Ya es primavera, los capullos est\u00e1n listos para florecer\u2026 solo necesitan un poco de agua. Con este juego de l\u00f3gica, sus hijos tendr\u00e1n que girar tuber\u00edas para poder llevar el agua a las flores y completar los 108 niveles. En algunos niveles se sorprender\u00e1n al descubrir [&hellip;]<\/p>\n","protected":false},"featured_media":8958,"template":"elementor_header_footer","meta":{"_exactmetrics_skip_tracking":false,"_exactmetrics_sitenote_active":false,"_exactmetrics_sitenote_note":"","_exactmetrics_sitenote_category":0},"product_cat":[350,290,326,344],"product_tag":[],"_links":{"self":[{"href":"http:\/\/ar-entertainment.net\/wp\/wp-json\/wp\/v2\/product\/10894"}],"collection":[{"href":"http:\/\/ar-entertainment.net\/wp\/wp-json\/wp\/v2\/product"}],"about":[{"href":"http:\/\/ar-entertainment.net\/wp\/wp-json\/wp\/v2\/types\/product"}],"version-history":[{"count":2,"href":"http:\/\/ar-entertainment.net\/wp\/wp-json\/wp\/v2\/product\/10894\/revisions"}],"predecessor-version":[{"id":10897,"href":"http:\/\/ar-entertainment.net\/wp\/wp-json\/wp\/v2\/product\/10894\/revisions\/10897"}],"wp:featuredmedia":[{"embeddable":true,"href":"http:\/\/ar-entertainment.net\/wp\/wp-json\/wp\/v2\/media\/8958"}],"wp:attachment":[{"href":"http:\/\/ar-entertainment.net\/wp\/wp-json\/wp\/v2\/media?parent=10894"}],"wp:term":[{"taxonomy":"product_cat","embeddable":true,"href":"http:\/\/ar-entertainment.net\/wp\/wp-json\/wp\/v2\/product_cat?post=10894"},{"taxonomy":"product_tag","embeddable":true,"href":"http:\/\/ar-entertainment.net\/wp\/wp-json\/wp\/v2\/product_tag?post=10894"}],"curies":[{"name":"wp","href":"https:\/\/api.w.org\/{rel}","templated":true}]}}